{"id":1250,"date":"2022-07-24T15:27:07","date_gmt":"2022-07-24T14:27:07","guid":{"rendered":"https:\/\/tribodidatica.pt\/?page_id=1250"},"modified":"2026-03-14T12:20:15","modified_gmt":"2026-03-14T11:20:15","slug":"exames-de-cambridge","status":"publish","type":"page","link":"https:\/\/funlanguages-almada.pt\/en\/cursos\/exames-de-cambridge\/","title":{"rendered":"Cambridge Exams"},"content":{"rendered":"\t\t<div data-elementor-type=\"wp-page\" data-elementor-id=\"1250\" class=\"elementor elementor-1250\" data-elementor-post-type=\"page\">\n\t\t\t\t\t\t<header class=\"elementor-section elementor-top-section elementor-element elementor-element-4a35ff00 elementor-section-height-min-height elementor-section-items-bottom elementor-section-boxed elementor-section-height-default\" data-id=\"4a35ff00\" data-element_type=\"section\" data-e-type=\"section\" data-settings=\"{&quot;background_background&quot;:&quot;slideshow&quot;,&quot;background_slideshow_gallery&quot;:[{&quot;id&quot;:7322,&quot;url&quot;:&quot;https:\\/\\/mlav0z8xqinr.i.optimole.com\\/cb:HFXN.1b7\\/w:auto\\/h:auto\\/q:mauto\\/https:\\/\\/funlanguages-almada.pt\\/wp-content\\/uploads\\/2025\\/06\\/woman-with-english-flag.jpg&quot;},{&quot;id&quot;:996,&quot;url&quot;:&quot;https:\\/\\/mlav0z8xqinr.i.optimole.com\\/cb:HFXN.1b7\\/w:auto\\/h:auto\\/q:mauto\\/https:\\/\\/funlanguages-almada.pt\\/wp-content\\/uploads\\/2022\\/07\\/fabio-spinelli-695744-unsplash.jpg&quot;},{&quot;id&quot;:4706,&quot;url&quot;:&quot;https:\\/\\/mlav0z8xqinr.i.optimole.com\\/cb:HFXN.1b7\\/w:auto\\/h:auto\\/q:mauto\\/https:\\/\\/funlanguages-almada.pt\\/wp-content\\/uploads\\/2024\\/02\\/BANNER-EXAMES-DE-CAMBRIDGE-1.png&quot;},{&quot;id&quot;:3698,&quot;url&quot;:&quot;https:\\/\\/mlav0z8xqinr.i.optimole.com\\/cb:HFXN.1b7\\/w:auto\\/h:auto\\/q:mauto\\/https:\\/\\/funlanguages-almada.pt\\/wp-content\\/uploads\\/2022\\/08\\/Sessao-de-esclarecimento-sobre-os-exames-da-Universidade-de-Cambridge.png&quot;}],&quot;background_slideshow_ken_burns&quot;:&quot;yes&quot;,&quot;background_slideshow_loop&quot;:&quot;yes&quot;,&quot;background_slideshow_slide_duration&quot;:5000,&quot;background_slideshow_slide_transition&quot;:&quot;fade&quot;,&quot;background_slideshow_transition_duration&quot;:500,&quot;background_slideshow_ken_burns_zoom_direction&quot;:&quot;in&quot;}\">\n\t\t\t\t\t\t\t<div class=\"elementor-background-overlay\"><\/div>\n\t\t\t\t\t\t\t<div class=\"elementor-container elementor-column-gap-wider\">\n\t\t\t\t\t<div class=\"elementor-column elementor-col-50 elementor-top-column elementor-element elementor-element-1928378e\" data-id=\"1928378e\" data-element_type=\"column\" data-e-type=\"column\">\n\t\t\t<div class=\"elementor-widget-wrap elementor-element-populated\">\n\t\t\t\t\t\t<div class=\"elementor-element elementor-element-9aea58f elementor-widget elementor-widget-heading\" data-id=\"9aea58f\" data-element_type=\"widget\" data-e-type=\"widget\" data-widget_type=\"heading.default\">\n\t\t\t\t<div class=\"elementor-widget-container\">\n\t\t\t\t\t<h1 class=\"elementor-heading-title elementor-size-default\">Prepara\u00e7\u00e3o para os Exames da Cambridge University<\/h1>\t\t\t\t<\/div>\n\t\t\t\t<\/div>\n\t\t\t\t\t<\/div>\n\t\t<\/div>\n\t\t\t\t<div class=\"elementor-column elementor-col-50 elementor-top-column elementor-element elementor-element-10563c2f elementor-invisible\" data-id=\"10563c2f\" data-element_type=\"column\" data-e-type=\"column\" data-settings=\"{&quot;background_background&quot;:&quot;classic&quot;,&quot;animation&quot;:&quot;fadeIn&quot;}\">\n\t\t\t<div class=\"elementor-widget-wrap\">\n\t\t\t\t\t\t\t<\/div>\n\t\t<\/div>\n\t\t\t\t\t<\/div>\n\t\t<\/header>\n\t\t\t\t<section class=\"elementor-section elementor-top-section elementor-element elementor-element-28e1a818 elementor-section-boxed elementor-section-height-default elementor-section-height-default\" data-id=\"28e1a818\" data-element_type=\"section\" data-e-type=\"section\" data-settings=\"{&quot;background_background&quot;:&quot;classic&quot;}\">\n\t\t\t\t\t\t\t<div class=\"elementor-background-overlay\"><\/div>\n\t\t\t\t\t\t\t<div class=\"elementor-container elementor-column-gap-wider\">\n\t\t\t\t\t<div class=\"elementor-column elementor-col-50 elementor-top-column elementor-element elementor-element-2a1ba175 elementor-invisible\" data-id=\"2a1ba175\" data-element_type=\"column\" data-e-type=\"column\" data-settings=\"{&quot;background_background&quot;:&quot;classic&quot;,&quot;animation&quot;:&quot;fadeIn&quot;,&quot;animation_delay&quot;:100}\">\n\t\t\t<div class=\"elementor-widget-wrap elementor-element-populated\">\n\t\t\t\t\t\t<div class=\"elementor-element elementor-element-47433e27 elementor-widget-divider--view-line elementor-invisible elementor-widget elementor-widget-divider\" data-id=\"47433e27\" data-element_type=\"widget\" data-e-type=\"widget\" data-settings=\"{&quot;_animation_delay&quot;:300,&quot;_animation&quot;:&quot;fadeIn&quot;}\" data-widget_type=\"divider.default\">\n\t\t\t\t<div class=\"elementor-widget-container\">\n\t\t\t\t\t\t\t<div class=\"elementor-divider\">\n\t\t\t<span class=\"elementor-divider-separator\">\n\t\t\t\t\t\t<\/span>\n\t\t<\/div>\n\t\t\t\t\t\t<\/div>\n\t\t\t\t<\/div>\n\t\t\t\t<section class=\"elementor-section elementor-inner-section elementor-element elementor-element-646861ac elementor-section-boxed elementor-section-height-default elementor-section-height-default\" data-id=\"646861ac\" data-element_type=\"section\" data-e-type=\"section\">\n\t\t\t\t\t\t<div class=\"elementor-container elementor-column-gap-no\">\n\t\t\t\t\t<div class=\"elementor-column elementor-col-100 elementor-inner-column elementor-element elementor-element-7153dea\" data-id=\"7153dea\" data-element_type=\"column\" data-e-type=\"column\">\n\t\t\t<div class=\"elementor-widget-wrap elementor-element-populated\">\n\t\t\t\t\t\t<div class=\"elementor-element elementor-element-2f3cd9da elementor-widget elementor-widget-heading\" data-id=\"2f3cd9da\" data-element_type=\"widget\" data-e-type=\"widget\" data-widget_type=\"heading.default\">\n\t\t\t\t<div class=\"elementor-widget-container\">\n\t\t\t\t\t<h2 class=\"elementor-heading-title elementor-size-default\">Os Exames de Cambridge, encontram-se entre os exames de Ingl\u00eas com maior cr\u00e9dito e prest\u00edgio mundial. S\u00e3o reconhecidos por in\u00fameras empresas, escolas e universidades.&nbsp;<\/h2>\t\t\t\t<\/div>\n\t\t\t\t<\/div>\n\t\t\t\t<div class=\"elementor-element elementor-element-55d5f21f elementor-widget elementor-widget-text-editor\" data-id=\"55d5f21f\" data-element_type=\"widget\" data-e-type=\"widget\" data-widget_type=\"text-editor.default\">\n\t\t\t\t<div class=\"elementor-widget-container\">\n\t\t\t\t\t\t\t\t\t<p>Mais de um milh\u00e3o e meio de pessoas realiza estes exames para poder ingressar em escolas e universidades, para progredir na sua carreira profissional ou por satisfa\u00e7\u00e3o pessoal. Ter sucesso nos exames Cambridge English d\u00e1-lhe um certificado internacionalmente reconhecido que prova o seu n\u00edvel de Ingl\u00eas.<\/p><p>Os exames da Universidade de Cambridge s\u00e3o conhecidos por comprovarem e certificarem o n\u00edvel de compet\u00eancia lingu\u00edstica em Ingl\u00eas.<\/p><p>Estes exames, geralmente, s\u00e3o efetuados em dezembro, mar\u00e7o e junho de cada ano. Os exames testam as 4 compet\u00eancias lingu\u00edsticas: escrita, leitura, compreens\u00e3o auditiva e express\u00e3o oral.<\/p>\t\t\t\t\t\t\t\t<\/div>\n\t\t\t\t<\/div>\n\t\t\t\t<div class=\"elementor-element elementor-element-57e2ade elementor-widget elementor-widget-heading\" data-id=\"57e2ade\" data-element_type=\"widget\" data-e-type=\"widget\" data-widget_type=\"heading.default\">\n\t\t\t\t<div class=\"elementor-widget-container\">\n\t\t\t\t\t<h4 class=\"elementor-heading-title elementor-size-default\"> Veja como o Certificado de Cambridge pode mudar a sua vida.<\/h4>\t\t\t\t<\/div>\n\t\t\t\t<\/div>\n\t\t\t\t<div class=\"elementor-element elementor-element-3701dea elementor-align-center elementor-widget elementor-widget-button\" data-id=\"3701dea\" data-element_type=\"widget\" data-e-type=\"widget\" data-widget_type=\"button.default\">\n\t\t\t\t<div class=\"elementor-widget-container\">\n\t\t\t\t\t\t\t\t\t<div class=\"elementor-button-wrapper\">\n\t\t\t\t\t<a class=\"elementor-button elementor-button-link elementor-size-sm\" href=\"https:\/\/funlanguages-almada.pt\/contact\/\" target=\"_blank\">\n\t\t\t\t\t\t<span class=\"elementor-button-content-wrapper\">\n\t\t\t\t\t\t\t\t\t<span class=\"elementor-button-text\">Vamos falar<\/span>\n\t\t\t\t\t<\/span>\n\t\t\t\t\t<\/a>\n\t\t\t\t<\/div>\n\t\t\t\t\t\t\t\t<\/div>\n\t\t\t\t<\/div>\n\t\t\t\t\t<\/div>\n\t\t<\/div>\n\t\t\t\t\t<\/div>\n\t\t<\/section>\n\t\t\t\t\t<\/div>\n\t\t<\/div>\n\t\t\t\t<div class=\"elementor-column elementor-col-50 elementor-top-column elementor-element elementor-element-73598c55\" data-id=\"73598c55\" data-element_type=\"column\" data-e-type=\"column\">\n\t\t\t<div class=\"elementor-widget-wrap elementor-element-populated\">\n\t\t\t\t\t\t<section class=\"elementor-section elementor-inner-section elementor-element elementor-element-2396eed elementor-section-boxed elementor-section-height-default elementor-section-height-default\" data-id=\"2396eed\" data-element_type=\"section\" data-e-type=\"section\">\n\t\t\t\t\t\t<div class=\"elementor-container elementor-column-gap-no\">\n\t\t\t\t\t<div class=\"elementor-column elementor-col-100 elementor-inner-column elementor-element elementor-element-30a751db\" data-id=\"30a751db\" data-element_type=\"column\" data-e-type=\"column\">\n\t\t\t<div class=\"elementor-widget-wrap elementor-element-populated\">\n\t\t\t\t\t\t<div class=\"elementor-element elementor-element-522bbcb animated-fast elementor-invisible elementor-widget elementor-widget-image\" data-id=\"522bbcb\" data-element_type=\"widget\" data-e-type=\"widget\" data-settings=\"{&quot;_animation&quot;:&quot;pulse&quot;,&quot;_animation_delay&quot;:200}\" data-widget_type=\"image.default\">\n\t\t\t\t<div class=\"elementor-widget-container\">\n\t\t\t\t\t\t\t\t\t\t\t\t\t\t\t<img data-opt-id=2072241257  fetchpriority=\"high\" decoding=\"async\" width=\"761\" height=\"1024\" src=\"https:\/\/mlav0z8xqinr.i.optimole.com\/cb:HFXN.1b7\/w:761\/h:1024\/q:mauto\/https:\/\/funlanguages-almada.pt\/wp-content\/uploads\/2022\/08\/WhatsApp-Image-2022-08-06-at-16.21.00.jpeg\" class=\"attachment-full size-full wp-image-2018\" alt=\"\" srcset=\"https:\/\/mlav0z8xqinr.i.optimole.com\/cb:HFXN.1b7\/w:761\/h:1024\/q:mauto\/https:\/\/funlanguages-almada.pt\/wp-content\/uploads\/2022\/08\/WhatsApp-Image-2022-08-06-at-16.21.00.jpeg 761w, https:\/\/mlav0z8xqinr.i.optimole.com\/cb:HFXN.1b7\/w:223\/h:300\/q:mauto\/https:\/\/funlanguages-almada.pt\/wp-content\/uploads\/2022\/08\/WhatsApp-Image-2022-08-06-at-16.21.00.jpeg 223w\" sizes=\"(max-width: 761px) 100vw, 761px\" \/>\t\t\t\t\t\t\t\t\t\t\t\t\t\t\t<\/div>\n\t\t\t\t<\/div>\n\t\t\t\t\t<\/div>\n\t\t<\/div>\n\t\t\t\t\t<\/div>\n\t\t<\/section>\n\t\t\t\t\t<\/div>\n\t\t<\/div>\n\t\t\t\t\t<\/div>\n\t\t<\/section>\n\t\t\t\t<section class=\"elementor-section elementor-top-section elementor-element elementor-element-2806eebb elementor-section-content-middle elementor-section-boxed elementor-section-height-default elementor-section-height-default\" data-id=\"2806eebb\" data-element_type=\"section\" data-e-type=\"section\" data-settings=\"{&quot;background_background&quot;:&quot;classic&quot;}\">\n\t\t\t\t\t\t\t<div class=\"elementor-background-overlay\"><\/div>\n\t\t\t\t\t\t\t<div class=\"elementor-container elementor-column-gap-wider\">\n\t\t\t\t\t<div class=\"elementor-column elementor-col-100 elementor-top-column elementor-element elementor-element-1b691a01\" data-id=\"1b691a01\" data-element_type=\"column\" data-e-type=\"column\" data-settings=\"{&quot;background_background&quot;:&quot;classic&quot;}\">\n\t\t\t<div class=\"elementor-widget-wrap elementor-element-populated\">\n\t\t\t\t\t\t<section class=\"elementor-section elementor-inner-section elementor-element elementor-element-1282fb6d elementor-section-boxed elementor-section-height-default elementor-section-height-default\" data-id=\"1282fb6d\" data-element_type=\"section\" data-e-type=\"section\">\n\t\t\t\t\t\t<div class=\"elementor-container elementor-column-gap-no\">\n\t\t\t\t\t<div class=\"elementor-column elementor-col-50 elementor-inner-column elementor-element elementor-element-e51e455\" data-id=\"e51e455\" data-element_type=\"column\" data-e-type=\"column\">\n\t\t\t<div class=\"elementor-widget-wrap elementor-element-populated\">\n\t\t\t\t\t\t<div class=\"elementor-element elementor-element-6f0752a2 elementor-widget-divider--view-line elementor-invisible elementor-widget elementor-widget-divider\" data-id=\"6f0752a2\" data-element_type=\"widget\" data-e-type=\"widget\" data-settings=\"{&quot;_animation_delay&quot;:300,&quot;_animation&quot;:&quot;fadeIn&quot;}\" data-widget_type=\"divider.default\">\n\t\t\t\t<div class=\"elementor-widget-container\">\n\t\t\t\t\t\t\t<div class=\"elementor-divider\">\n\t\t\t<span class=\"elementor-divider-separator\">\n\t\t\t\t\t\t<\/span>\n\t\t<\/div>\n\t\t\t\t\t\t<\/div>\n\t\t\t\t<\/div>\n\t\t\t\t<div class=\"elementor-element elementor-element-5c357428 elementor-invisible elementor-widget elementor-widget-heading\" data-id=\"5c357428\" data-element_type=\"widget\" data-e-type=\"widget\" data-settings=\"{&quot;_animation&quot;:&quot;fadeIn&quot;,&quot;_animation_delay&quot;:50}\" data-widget_type=\"heading.default\">\n\t\t\t\t<div class=\"elementor-widget-container\">\n\t\t\t\t\t<h2 class=\"elementor-heading-title elementor-size-default\">Exam Preparation Centre<\/h2>\t\t\t\t<\/div>\n\t\t\t\t<\/div>\n\t\t\t\t<div class=\"elementor-element elementor-element-6694e491 elementor-invisible elementor-widget elementor-widget-heading\" data-id=\"6694e491\" data-element_type=\"widget\" data-e-type=\"widget\" data-settings=\"{&quot;_animation&quot;:&quot;fadeIn&quot;,&quot;_animation_delay&quot;:100}\" data-widget_type=\"heading.default\">\n\t\t\t\t<div class=\"elementor-widget-container\">\n\t\t\t\t\t<h3 class=\"elementor-heading-title elementor-size-default\">A Fun Languages Almada \u00e9 uma entidade credenciada na prepara\u00e7\u00e3o para a realiza\u00e7\u00e3o dos Exames da Cambridge University. Inscreva-se nos nossos cursos anuais e intensivos de forma a obter os melhores resultados. Fa\u00e7a um teste de n\u00edvel e saiba qual o curso ideal para si.<\/h3>\t\t\t\t<\/div>\n\t\t\t\t<\/div>\n\t\t\t\t<div class=\"elementor-element elementor-element-61618864 elementor-align-center elementor-invisible elementor-widget elementor-widget-button\" data-id=\"61618864\" data-element_type=\"widget\" data-e-type=\"widget\" data-settings=\"{&quot;_animation&quot;:&quot;fadeIn&quot;,&quot;_animation_delay&quot;:250}\" data-widget_type=\"button.default\">\n\t\t\t\t<div class=\"elementor-widget-container\">\n\t\t\t\t\t\t\t\t\t<div class=\"elementor-button-wrapper\">\n\t\t\t\t\t<a class=\"elementor-button elementor-button-link elementor-size-md\" href=\"https:\/\/funlanguages-almada.pt\/wp-quiz-placement-test\/\">\n\t\t\t\t\t\t<span class=\"elementor-button-content-wrapper\">\n\t\t\t\t\t\t<span class=\"elementor-button-icon\">\n\t\t\t\t<i aria-hidden=\"true\" class=\"far fa-hand-pointer\"><\/i>\t\t\t<\/span>\n\t\t\t\t\t\t\t\t\t<span class=\"elementor-button-text\">Teste o seu n\u00edvel de ingl\u00eas agora<\/span>\n\t\t\t\t\t<\/span>\n\t\t\t\t\t<\/a>\n\t\t\t\t<\/div>\n\t\t\t\t\t\t\t\t<\/div>\n\t\t\t\t<\/div>\n\t\t\t\t\t<\/div>\n\t\t<\/div>\n\t\t\t\t<div class=\"elementor-column elementor-col-50 elementor-inner-column elementor-element elementor-element-059d81c\" data-id=\"059d81c\" data-element_type=\"column\" data-e-type=\"column\">\n\t\t\t<div class=\"elementor-widget-wrap elementor-element-populated\">\n\t\t\t\t\t\t<div class=\"elementor-element elementor-element-2092f55 elementor-widget elementor-widget-image\" data-id=\"2092f55\" data-element_type=\"widget\" data-e-type=\"widget\" data-widget_type=\"image.default\">\n\t\t\t\t<div class=\"elementor-widget-container\">\n\t\t\t\t\t\t\t\t\t\t\t\t\t\t\t<img data-opt-id=319657485  fetchpriority=\"high\" decoding=\"async\" width=\"1024\" height=\"1024\" src=\"https:\/\/mlav0z8xqinr.i.optimole.com\/cb:HFXN.1b7\/w:1024\/h:1024\/q:mauto\/https:\/\/funlanguages-almada.pt\/wp-content\/uploads\/2025\/08\/Cambridge-Exam-Preparation-Center.png\" class=\"attachment-large size-large wp-image-7788\" alt=\"\" srcset=\"https:\/\/mlav0z8xqinr.i.optimole.com\/cb:HFXN.1b7\/w:1080\/h:1080\/q:mauto\/https:\/\/funlanguages-almada.pt\/wp-content\/uploads\/2025\/08\/Cambridge-Exam-Preparation-Center.png 1080w, https:\/\/mlav0z8xqinr.i.optimole.com\/cb:HFXN.1b7\/w:300\/h:300\/q:mauto\/https:\/\/funlanguages-almada.pt\/wp-content\/uploads\/2025\/08\/Cambridge-Exam-Preparation-Center.png 300w, https:\/\/mlav0z8xqinr.i.optimole.com\/cb:HFXN.1b7\/w:1024\/h:1024\/q:mauto\/https:\/\/funlanguages-almada.pt\/wp-content\/uploads\/2025\/08\/Cambridge-Exam-Preparation-Center.png 1024w, https:\/\/mlav0z8xqinr.i.optimole.com\/cb:HFXN.1b7\/w:150\/h:150\/q:mauto\/https:\/\/funlanguages-almada.pt\/wp-content\/uploads\/2025\/08\/Cambridge-Exam-Preparation-Center.png 150w, https:\/\/mlav0z8xqinr.i.optimole.com\/cb:HFXN.1b7\/w:768\/h:768\/q:mauto\/https:\/\/funlanguages-almada.pt\/wp-content\/uploads\/2025\/08\/Cambridge-Exam-Preparation-Center.png 768w, https:\/\/mlav0z8xqinr.i.optimole.com\/cb:HFXN.1b7\/w:12\/h:12\/q:mauto\/dpr:2\/https:\/\/funlanguages-almada.pt\/wp-content\/uploads\/2025\/08\/Cambridge-Exam-Preparation-Center.png 12w\" sizes=\"(max-width: 1024px) 100vw, 1024px\" \/>\t\t\t\t\t\t\t\t\t\t\t\t\t\t\t<\/div>\n\t\t\t\t<\/div>\n\t\t\t\t\t<\/div>\n\t\t<\/div>\n\t\t\t\t\t<\/div>\n\t\t<\/section>\n\t\t\t\t\t<\/div>\n\t\t<\/div>\n\t\t\t\t\t<\/div>\n\t\t<\/section>\n\t\t\t\t<\/div>\n\t\t","protected":false},"excerpt":{"rendered":"<p>Prepara\u00e7\u00e3o para os Exames da Cambridge University Os Exames de Cambridge, encontram-se entre os exames de Ingl\u00eas com maior cr\u00e9dito e prest\u00edgio mundial. S\u00e3o reconhecidos por in\u00fameras empresas, escolas e universidades.&nbsp; Mais de um milh\u00e3o e meio de pessoas realiza estes exames para poder ingressar em escolas e universidades, para progredir na sua carreira profissional [&hellip;]<\/p>\n","protected":false},"author":1,"featured_media":0,"parent":1121,"menu_order":0,"comment_status":"closed","ping_status":"closed","template":"","meta":{"site-sidebar-layout":"no-sidebar","site-content-layout":"","ast-site-content-layout":"full-width-container","site-content-style":"default","site-sidebar-style":"default","ast-global-header-display":"","ast-banner-title-visibility":"","ast-main-header-display":"","ast-hfb-above-header-display":"","ast-hfb-below-header-display":"","ast-hfb-mobile-header-display":"","site-post-title":"disabled","ast-breadcrumbs-content":"","ast-featured-img":"","footer-sml-layout":"","ast-disable-related-posts":"","theme-transparent-header-meta":"","adv-header-id-meta":"","stick-header-meta":"","header-above-stick-meta":"","header-main-stick-meta":"","header-below-stick-meta":"","astra-migrate-meta-layouts":"set","ast-page-background-enabled":"default","ast-page-background-meta":{"desktop":{"background-color":"var(--ast-global-color-4)","background-image":"","background-repeat":"repeat","background-position":"center center","background-size":"auto","background-attachment":"scroll","background-type":"","background-media":"","overlay-type":"","overlay-color":"","overlay-opacity":"","overlay-gradient":""},"tablet":{"background-color":"","background-image":"","background-repeat":"repeat","background-position":"center center","background-size":"auto","background-attachment":"scroll","background-type":"","background-media":"","overlay-type":"","overlay-color":"","overlay-opacity":"","overlay-gradient":""},"mobile":{"background-color":"","background-image":"","background-repeat":"repeat","background-position":"center center","background-size":"auto","background-attachment":"scroll","background-type":"","background-media":"","overlay-type":"","overlay-color":"","overlay-opacity":"","overlay-gradient":""}},"ast-content-background-meta":{"desktop":{"background-color":"var(--ast-global-color-5)","background-image":"","background-repeat":"repeat","background-position":"center center","background-size":"auto","background-attachment":"scroll","background-type":"","background-media":"","overlay-type":"","overlay-color":"","overlay-opacity":"","overlay-gradient":""},"tablet":{"background-color":"var(--ast-global-color-5)","background-image":"","background-repeat":"repeat","background-position":"center center","background-size":"auto","background-attachment":"scroll","background-type":"","background-media":"","overlay-type":"","overlay-color":"","overlay-opacity":"","overlay-gradient":""},"mobile":{"background-color":"var(--ast-global-color-5)","background-image":"","background-repeat":"repeat","background-position":"center center","background-size":"auto","background-attachment":"scroll","background-type":"","background-media":"","overlay-type":"","overlay-color":"","overlay-opacity":"","overlay-gradient":""}},"footnotes":""},"class_list":["post-1250","page","type-page","status-publish","hentry"],"_links":{"self":[{"href":"https:\/\/funlanguages-almada.pt\/en\/wp-json\/wp\/v2\/pages\/1250","targetHints":{"allow":["GET"]}}],"collection":[{"href":"https:\/\/funlanguages-almada.pt\/en\/wp-json\/wp\/v2\/pages"}],"about":[{"href":"https:\/\/funlanguages-almada.pt\/en\/wp-json\/wp\/v2\/types\/page"}],"author":[{"embeddable":true,"href":"https:\/\/funlanguages-almada.pt\/en\/wp-json\/wp\/v2\/users\/1"}],"replies":[{"embeddable":true,"href":"https:\/\/funlanguages-almada.pt\/en\/wp-json\/wp\/v2\/comments?post=1250"}],"version-history":[{"count":3,"href":"https:\/\/funlanguages-almada.pt\/en\/wp-json\/wp\/v2\/pages\/1250\/revisions"}],"predecessor-version":[{"id":9774,"href":"https:\/\/funlanguages-almada.pt\/en\/wp-json\/wp\/v2\/pages\/1250\/revisions\/9774"}],"up":[{"embeddable":true,"href":"https:\/\/funlanguages-almada.pt\/en\/wp-json\/wp\/v2\/pages\/1121"}],"wp:attachment":[{"href":"https:\/\/funlanguages-almada.pt\/en\/wp-json\/wp\/v2\/media?parent=1250"}],"curies":[{"name":"wp","href":"https:\/\/api.w.org\/{rel}","templated":true}]}}