{"id":1254,"date":"2022-07-24T15:28:58","date_gmt":"2022-07-24T14:28:58","guid":{"rendered":"https:\/\/tribodidatica.pt\/?page_id=1254"},"modified":"2026-03-14T12:13:35","modified_gmt":"2026-03-14T11:13:35","slug":"cursos-para-jovens","status":"publish","type":"page","link":"https:\/\/funlanguages-almada.pt\/en\/cursos\/cursos-para-jovens\/","title":{"rendered":"Courses for Young People"},"content":{"rendered":"\t\t<div data-elementor-type=\"wp-page\" data-elementor-id=\"1254\" class=\"elementor elementor-1254\" data-elementor-post-type=\"page\">\n\t\t\t\t\t\t<header class=\"elementor-section elementor-top-section elementor-element elementor-element-231c9c8 elementor-section-height-min-height elementor-section-items-bottom elementor-section-boxed elementor-section-height-default\" data-id=\"231c9c8\" data-element_type=\"section\" data-e-type=\"section\" data-settings=\"{&quot;background_background&quot;:&quot;slideshow&quot;,&quot;background_slideshow_gallery&quot;:[{&quot;id&quot;:7322,&quot;url&quot;:&quot;https:\\/\\/mlav0z8xqinr.i.optimole.com\\/cb:HFXN.1b7\\/w:auto\\/h:auto\\/q:mauto\\/https:\\/\\/funlanguages-almada.pt\\/wp-content\\/uploads\\/2025\\/06\\/woman-with-english-flag.jpg&quot;},{&quot;id&quot;:6572,&quot;url&quot;:&quot;https:\\/\\/mlav0z8xqinr.i.optimole.com\\/cb:HFXN.1b7\\/w:auto\\/h:auto\\/q:mauto\\/https:\\/\\/funlanguages-almada.pt\\/wp-content\\/uploads\\/2025\\/06\\/pexels-photo-6671683-6671683.jpg&quot;},{&quot;id&quot;:6571,&quot;url&quot;:&quot;https:\\/\\/mlav0z8xqinr.i.optimole.com\\/cb:HFXN.1b7\\/w:auto\\/h:auto\\/q:mauto\\/https:\\/\\/funlanguages-almada.pt\\/wp-content\\/uploads\\/2025\\/06\\/pexels-photo-20604555-20604555.jpg&quot;},{&quot;id&quot;:6341,&quot;url&quot;:&quot;https:\\/\\/mlav0z8xqinr.i.optimole.com\\/cb:HFXN.1b7\\/w:auto\\/h:auto\\/q:mauto\\/https:\\/\\/funlanguages-almada.pt\\/wp-content\\/uploads\\/2025\\/06\\/pexels-photo-5212317-5212317-1.jpg&quot;},{&quot;id&quot;:5744,&quot;url&quot;:&quot;https:\\/\\/mlav0z8xqinr.i.optimole.com\\/cb:HFXN.1b7\\/w:auto\\/h:auto\\/q:mauto\\/https:\\/\\/funlanguages-almada.pt\\/wp-content\\/uploads\\/2024\\/12\\/1.png&quot;}],&quot;background_slideshow_ken_burns&quot;:&quot;yes&quot;,&quot;background_slideshow_loop&quot;:&quot;yes&quot;,&quot;background_slideshow_slide_duration&quot;:5000,&quot;background_slideshow_slide_transition&quot;:&quot;fade&quot;,&quot;background_slideshow_transition_duration&quot;:500,&quot;background_slideshow_ken_burns_zoom_direction&quot;:&quot;in&quot;}\">\n\t\t\t\t\t\t\t<div class=\"elementor-background-overlay\"><\/div>\n\t\t\t\t\t\t\t<div class=\"elementor-container elementor-column-gap-wider\">\n\t\t\t\t\t<div class=\"elementor-column elementor-col-100 elementor-top-column elementor-element elementor-element-6f2606d\" data-id=\"6f2606d\" data-element_type=\"column\" data-e-type=\"column\">\n\t\t\t<div class=\"elementor-widget-wrap elementor-element-populated\">\n\t\t\t\t\t\t<div class=\"elementor-element elementor-element-33cb2b5 elementor-widget-divider--view-line elementor-widget elementor-widget-divider\" data-id=\"33cb2b5\" data-element_type=\"widget\" data-e-type=\"widget\" data-widget_type=\"divider.default\">\n\t\t\t\t<div class=\"elementor-widget-container\">\n\t\t\t\t\t\t\t<div class=\"elementor-divider\">\n\t\t\t<span class=\"elementor-divider-separator\">\n\t\t\t\t\t\t<\/span>\n\t\t<\/div>\n\t\t\t\t\t\t<\/div>\n\t\t\t\t<\/div>\n\t\t\t\t<div class=\"elementor-element elementor-element-4bba3ef elementor-widget elementor-widget-heading\" data-id=\"4bba3ef\" data-element_type=\"widget\" data-e-type=\"widget\" data-widget_type=\"heading.default\">\n\t\t\t\t<div class=\"elementor-widget-container\">\n\t\t\t\t\t<h1 class=\"elementor-heading-title elementor-size-default\">Cursos para<br>Jovens<\/h1>\t\t\t\t<\/div>\n\t\t\t\t<\/div>\n\t\t\t\t\t<\/div>\n\t\t<\/div>\n\t\t\t\t\t<\/div>\n\t\t<\/header>\n\t\t\t\t<section class=\"elementor-section elementor-top-section elementor-element elementor-element-56e0f1c2 elementor-section-content-middle elementor-section-boxed elementor-section-height-default elementor-section-height-default\" data-id=\"56e0f1c2\" data-element_type=\"section\" data-e-type=\"section\" data-settings=\"{&quot;background_background&quot;:&quot;classic&quot;}\">\n\t\t\t\t\t\t\t<div class=\"elementor-background-overlay\"><\/div>\n\t\t\t\t\t\t\t<div class=\"elementor-container elementor-column-gap-wide\">\n\t\t\t\t\t<div class=\"elementor-column elementor-col-50 elementor-top-column elementor-element elementor-element-77fa69bc elementor-invisible\" data-id=\"77fa69bc\" data-element_type=\"column\" data-e-type=\"column\" data-settings=\"{&quot;background_background&quot;:&quot;classic&quot;,&quot;animation&quot;:&quot;fadeIn&quot;,&quot;animation_delay&quot;:100}\">\n\t\t\t<div class=\"elementor-widget-wrap elementor-element-populated\">\n\t\t\t\t\t\t<div class=\"elementor-element elementor-element-bc9b9ff elementor-widget-divider--view-line elementor-invisible elementor-widget elementor-widget-divider\" data-id=\"bc9b9ff\" data-element_type=\"widget\" data-e-type=\"widget\" data-settings=\"{&quot;_animation_delay&quot;:300,&quot;_animation&quot;:&quot;fadeIn&quot;}\" data-widget_type=\"divider.default\">\n\t\t\t\t<div class=\"elementor-widget-container\">\n\t\t\t\t\t\t\t<div class=\"elementor-divider\">\n\t\t\t<span class=\"elementor-divider-separator\">\n\t\t\t\t\t\t<\/span>\n\t\t<\/div>\n\t\t\t\t\t\t<\/div>\n\t\t\t\t<\/div>\n\t\t\t\t<div class=\"elementor-element elementor-element-13b9b3a elementor-widget elementor-widget-heading\" data-id=\"13b9b3a\" data-element_type=\"widget\" data-e-type=\"widget\" data-widget_type=\"heading.default\">\n\t\t\t\t<div class=\"elementor-widget-container\">\n\t\t\t\t\t<h2 class=\"elementor-heading-title elementor-size-default\">Os nossos programas espec\u00edficos para jovens, proporcionam uma forte intera\u00e7\u00e3o comunicativa entre o professor e o aluno, desenvolvendo a facilidade de comunica\u00e7\u00e3o numa nova l\u00edngua..<\/h2>\t\t\t\t<\/div>\n\t\t\t\t<\/div>\n\t\t\t\t\t<\/div>\n\t\t<\/div>\n\t\t\t\t<div class=\"elementor-column elementor-col-50 elementor-top-column elementor-element elementor-element-5981692a elementor-invisible\" data-id=\"5981692a\" data-element_type=\"column\" data-e-type=\"column\" data-settings=\"{&quot;animation&quot;:&quot;fadeIn&quot;,&quot;animation_delay&quot;:300}\">\n\t\t\t<div class=\"elementor-widget-wrap elementor-element-populated\">\n\t\t\t\t\t\t<div class=\"elementor-element elementor-element-daaca53 elementor-widget__width-initial elementor-widget elementor-widget-image\" data-id=\"daaca53\" data-element_type=\"widget\" data-e-type=\"widget\" data-widget_type=\"image.default\">\n\t\t\t\t<div class=\"elementor-widget-container\">\n\t\t\t\t\t\t\t\t\t\t\t\t\t\t\t<img data-opt-id=707604777  fetchpriority=\"high\" decoding=\"async\" width=\"3039\" height=\"2869\" src=\"https:\/\/mlav0z8xqinr.i.optimole.com\/w:1143\/h:1080\/cb:HFXN.1b7\/q:mauto\/id:a2e015f209f85550cb172d3e4db06795\/directUpload\/cefr-diagram-december-2020.jpg\" class=\"attachment-full size-full wp-image-6935\" alt=\"\" \/>\t\t\t\t\t\t\t\t\t\t\t\t\t\t\t<\/div>\n\t\t\t\t<\/div>\n\t\t\t\t\t<\/div>\n\t\t<\/div>\n\t\t\t\t\t<\/div>\n\t\t<\/section>\n\t\t\t\t<section class=\"elementor-section elementor-top-section elementor-element elementor-element-fef5598 elementor-section-content-middle elementor-section-boxed elementor-section-height-default elementor-section-height-default\" data-id=\"fef5598\" data-element_type=\"section\" data-e-type=\"section\" data-settings=\"{&quot;background_background&quot;:&quot;classic&quot;}\">\n\t\t\t\t\t\t\t<div class=\"elementor-background-overlay\"><\/div>\n\t\t\t\t\t\t\t<div class=\"elementor-container elementor-column-gap-wide\">\n\t\t\t\t\t<div class=\"elementor-column elementor-col-100 elementor-top-column elementor-element elementor-element-1e9ca83 elementor-invisible\" data-id=\"1e9ca83\" data-element_type=\"column\" data-e-type=\"column\" data-settings=\"{&quot;background_background&quot;:&quot;classic&quot;,&quot;animation&quot;:&quot;fadeIn&quot;,&quot;animation_delay&quot;:100}\">\n\t\t\t<div class=\"elementor-widget-wrap elementor-element-populated\">\n\t\t\t\t\t\t<div class=\"elementor-element elementor-element-624f6df elementor-widget-divider--view-line elementor-invisible elementor-widget elementor-widget-divider\" data-id=\"624f6df\" data-element_type=\"widget\" data-e-type=\"widget\" data-settings=\"{&quot;_animation_delay&quot;:300,&quot;_animation&quot;:&quot;fadeIn&quot;}\" data-widget_type=\"divider.default\">\n\t\t\t\t<div class=\"elementor-widget-container\">\n\t\t\t\t\t\t\t<div class=\"elementor-divider\">\n\t\t\t<span class=\"elementor-divider-separator\">\n\t\t\t\t\t\t<\/span>\n\t\t<\/div>\n\t\t\t\t\t\t<\/div>\n\t\t\t\t<\/div>\n\t\t\t\t<div class=\"elementor-element elementor-element-6494959 elementor-tabs-view-horizontal elementor-widget elementor-widget-tabs\" data-id=\"6494959\" data-element_type=\"widget\" data-e-type=\"widget\" data-widget_type=\"tabs.default\">\n\t\t\t\t<div class=\"elementor-widget-container\">\n\t\t\t\t\t\t\t<div class=\"elementor-tabs\">\n\t\t\t<div class=\"elementor-tabs-wrapper\" role=\"tablist\" >\n\t\t\t\t\t\t\t\t\t<div id=\"elementor-tab-title-1051\" class=\"elementor-tab-title elementor-tab-desktop-title\" aria-selected=\"true\" data-tab=\"1\" role=\"tab\" tabindex=\"0\" aria-controls=\"elementor-tab-content-1051\" aria-expanded=\"false\">A2 Key<\/div>\n\t\t\t\t\t\t\t\t\t<div id=\"elementor-tab-title-1052\" class=\"elementor-tab-title elementor-tab-desktop-title\" aria-selected=\"false\" data-tab=\"2\" role=\"tab\" tabindex=\"-1\" aria-controls=\"elementor-tab-content-1052\" aria-expanded=\"false\">B1 Preliminary<\/div>\n\t\t\t\t\t\t\t\t\t<div id=\"elementor-tab-title-1053\" class=\"elementor-tab-title elementor-tab-desktop-title\" aria-selected=\"false\" data-tab=\"3\" role=\"tab\" tabindex=\"-1\" aria-controls=\"elementor-tab-content-1053\" aria-expanded=\"false\">B2 First<\/div>\n\t\t\t\t\t\t\t\t\t<div id=\"elementor-tab-title-1054\" class=\"elementor-tab-title elementor-tab-desktop-title\" aria-selected=\"false\" data-tab=\"4\" role=\"tab\" tabindex=\"-1\" aria-controls=\"elementor-tab-content-1054\" aria-expanded=\"false\">C1 Advanced<\/div>\n\t\t\t\t\t\t\t\t\t<div id=\"elementor-tab-title-1055\" class=\"elementor-tab-title elementor-tab-desktop-title\" aria-selected=\"false\" data-tab=\"5\" role=\"tab\" tabindex=\"-1\" aria-controls=\"elementor-tab-content-1055\" aria-expanded=\"false\">C2 Proficiency<\/div>\n\t\t\t\t\t\t\t<\/div>\n\t\t\t<div class=\"elementor-tabs-content-wrapper\" role=\"tablist\" aria-orientation=\"vertical\">\n\t\t\t\t\t\t\t\t\t<div class=\"elementor-tab-title elementor-tab-mobile-title\" aria-selected=\"true\" data-tab=\"1\" role=\"tab\" tabindex=\"0\" aria-controls=\"elementor-tab-content-1051\" aria-expanded=\"false\">A2 Key<\/div>\n\t\t\t\t\t<div id=\"elementor-tab-content-1051\" class=\"elementor-tab-content elementor-clearfix\" data-tab=\"1\" role=\"tabpanel\" aria-labelledby=\"elementor-tab-title-1051\" tabindex=\"0\" hidden=\"false\"><p>Os alunos que frequentam este curso no final do ano letivo estar\u00e3o aptos a realizar um teste de qualifica\u00e7\u00e3o de n\u00edvel elementar que demonstra a capacidade do aluno comunicar em situa\u00e7\u00f5es simples.<\/p><p>Demonstra que o aluno se iniciou de forma eficaz na aprendizagem da l\u00edngua.<\/p><p>Ap\u00f3s a conclus\u00e3o do Cambridge English: A2 Key (KET), o aluno ter\u00e1 a confian\u00e7a necess\u00e1ria para progredir para os cursos e exames Cambridge de n\u00edvel superior, como Cambridge English: B1 Preliminary (PET) e Cambridge English: B2 First (FCE).<\/p><p><strong>Objetivos:<\/strong><\/p><ul><li>Entender Ingl\u00eas escrito simples<\/li><li><span style=\"font-size: 16px;\">Entender e usar frases e express\u00f5es b\u00e1sicas<\/span><\/li><li><span style=\"font-size: 16px;\">Usar a estrutura de tempo e frase correta<\/span><\/li><li><span style=\"font-size: 16px;\">Apresentar-se e responder a perguntas b\u00e1sicas sobre si mesmo<\/span><\/li><li><span style=\"font-size: 16px;\">Interagir com nativos num n\u00edvel b\u00e1sico<\/span><\/li><li><span style=\"font-size: 16px;\">Falar sobre t\u00f3picos familiares, como hobbies, f\u00e9rias e emprego<\/span><\/li><li><span style=\"font-size: 16px;\">Escrever e-mails, cartas e hist\u00f3rias<\/span><\/li><\/ul><p><iframe title=\"YouTube video player\" src=\"https:\/\/www.youtube.com\/embed\/bRo9iVF-Qrc?si=6VcDDYklzVlpD10d\" width=\"560\" height=\"315\" frameborder=\"0\" allowfullscreen=\"allowfullscreen\"><span style=\"display: inline-block; width: 0px; overflow: hidden; line-height: 0;\" data-mce-type=\"bookmark\" class=\"mce_SELRES_start\">\ufeff<\/span><\/iframe><\/p><\/div>\n\t\t\t\t\t\t\t\t\t<div class=\"elementor-tab-title elementor-tab-mobile-title\" aria-selected=\"false\" data-tab=\"2\" role=\"tab\" tabindex=\"-1\" aria-controls=\"elementor-tab-content-1052\" aria-expanded=\"false\">B1 Preliminary<\/div>\n\t\t\t\t\t<div id=\"elementor-tab-content-1052\" class=\"elementor-tab-content elementor-clearfix\" data-tab=\"2\" role=\"tabpanel\" aria-labelledby=\"elementor-tab-title-1052\" tabindex=\"0\" hidden=\"hidden\"><p>Os alunos que frequentam este curso no final do ano letivo estar\u00e3o aptos a realizar um teste de qualifica\u00e7\u00e3o de n\u00edvel elementar que demonstra que o aluno domina o b\u00e1sico.<\/p><p>Ap\u00f3s a conclus\u00e3o do Cambridge English: B1 Preliminary (PET), o aluno ter\u00e1 a confian\u00e7a necess\u00e1ria para progredir para os cursos e exames Cambridge de n\u00edvel superior, como Cambridge English: B2 First (FCE) e Cambridge English: C1 Advanced (CAE).<\/p><p><strong>Objetivos:<\/strong><\/p><ul><li>Ler livros e artigos simples em ingl\u00eas<\/li><li><span style=\"font-size: 16px;\">Melhorar a pron\u00fancia<\/span><\/li><li><span style=\"font-size: 16px;\">Aprender a comunicar de forma eficiente utilizando os tempos gramaticais corretos<\/span><\/li><li><span style=\"font-size: 16px;\">Escrever cartas e e-mails sobre assuntos cotidianos<\/span><\/li><li><span style=\"font-size: 16px;\">Tomar notas de uma reuni\u00e3o<\/span><\/li><li><span style=\"font-size: 16px;\">Mostrar consci\u00eancia de opini\u00f5es e humor em ingl\u00eas falado e escrito<\/span><\/li><\/ul><p><iframe title=\"YouTube video player\" src=\"https:\/\/www.youtube.com\/embed\/KR3yDMch0GQ?si=eSedN3pK_UANgRV1\" width=\"560\" height=\"315\" frameborder=\"0\" allowfullscreen=\"allowfullscreen\"><\/iframe><\/p><p><strong>Avalia\u00e7\u00e3o:<\/strong><\/p><p>Devido \u00e0 natureza deste programa, n\u00e3o h\u00e1 reprova\u00e7\u00e3o ou aprova\u00e7\u00e3o no curso. No entanto, os alunos poder\u00e3o conhecer a \u00e1rea em que precisam melhorar para obter a pontua\u00e7\u00e3o desejada no exame.<\/p><p>\u2018Mock tests\u2019 s\u00e3o realizados ao longo do curso como avalia\u00e7\u00f5es formativas e h\u00e1 duas avalia\u00e7\u00f5es sumativas durante o curso de prepara\u00e7\u00e3o, a meio do ano e uma no final do ano.<\/p><\/div>\n\t\t\t\t\t\t\t\t\t<div class=\"elementor-tab-title elementor-tab-mobile-title\" aria-selected=\"false\" data-tab=\"3\" role=\"tab\" tabindex=\"-1\" aria-controls=\"elementor-tab-content-1053\" aria-expanded=\"false\">B2 First<\/div>\n\t\t\t\t\t<div id=\"elementor-tab-content-1053\" class=\"elementor-tab-content elementor-clearfix\" data-tab=\"3\" role=\"tabpanel\" aria-labelledby=\"elementor-tab-title-1053\" tabindex=\"0\" hidden=\"hidden\"><p>Os alunos que frequentam este curso no final do ano letivo estar\u00e3o aptos a realizar um teste de qualifica\u00e7\u00e3o aceite por milhares de empresas e institui\u00e7\u00f5es educacionais em todo o mundo.<\/p><p>Ap\u00f3s a conclus\u00e3o do Cambridge English: B2 First (FCE), o aluno ter\u00e1 a confian\u00e7a necess\u00e1ria para progredir para os cursos e exames Cambridge de n\u00edvel superior, como Cambridge English: C1 Advanced (CAE) ou Cambridge English: C2 Proficiency (CPE).<\/p><p><strong>Objetivos:<\/strong><\/p><ul><li>Comunicar eficazmente expressando opini\u00f5es e apresentando argumentos<\/li><li>Escrever um ingl\u00eas claro e detalhado<\/li><li>Expressar opini\u00f5es e explicar as vantagens e desvantagens de diferentes pontos de vista<\/li><li>Escrever cartas, relat\u00f3rios, hist\u00f3rias e muitos outros tipos de texto.<\/li><\/ul><p><iframe title=\"YouTube video player\" src=\"https:\/\/www.youtube.com\/embed\/nh8EGI5WFCA?si=3mRvrIYHyECFe1Qq\" width=\"560\" height=\"315\" frameborder=\"0\" allowfullscreen=\"allowfullscreen\"><\/iframe><\/p><p><strong>Avalia\u00e7\u00e3o:<\/strong><\/p><p>Devido \u00e0 natureza deste programa, n\u00e3o h\u00e1 reprova\u00e7\u00e3o ou aprova\u00e7\u00e3o no curso. No entanto, os alunos poder\u00e3o conhecer a \u00e1rea em que precisam melhorar para obter a pontua\u00e7\u00e3o desejada no exame.<\/p><p>\u2018Mock tests\u2019 s\u00e3o realizados ao longo do curso como avalia\u00e7\u00f5es formativas e h\u00e1 duas avalia\u00e7\u00f5es sumativas durante o curso de prepara\u00e7\u00e3o, a meio do ano e uma no final do ano.<\/p><\/div>\n\t\t\t\t\t\t\t\t\t<div class=\"elementor-tab-title elementor-tab-mobile-title\" aria-selected=\"false\" data-tab=\"4\" role=\"tab\" tabindex=\"-1\" aria-controls=\"elementor-tab-content-1054\" aria-expanded=\"false\">C1 Advanced<\/div>\n\t\t\t\t\t<div id=\"elementor-tab-content-1054\" class=\"elementor-tab-content elementor-clearfix\" data-tab=\"4\" role=\"tabpanel\" aria-labelledby=\"elementor-tab-title-1054\" tabindex=\"0\" hidden=\"hidden\"><p>\u00c9 a qualifica\u00e7\u00e3o profunda e de alto n\u00edvel que mostra que o aluno possui as habilidades lingu\u00edsticas que os empregadores e as universidades procuram. Destina-se a alunos que conclu\u00edram com sucesso o curso preparat\u00f3rio First Certificate in English (FCE).<\/p><p>Ap\u00f3s a conclus\u00e3o do Cambridge English: C1 Advanced (CAE), o aluno ter\u00e1 a confian\u00e7a necess\u00e1ria para progredir para o curso e exame de n\u00edvel Cambridge English: C2 Proficiency (CPE).<\/p><p><strong>Objetivos:<\/strong><\/p><ul><li>Ser capaz de frequentar um curso acad\u00e9mico a n\u00edvel universit\u00e1rio<\/li><li>Comunicar eficazmente a n\u00edvel profissional<\/li><li>Participar com confian\u00e7a em reuni\u00f5es no local de trabalho e semin\u00e1rios acad\u00e9micos<\/li><li>Expressar-se com um alto n\u00edvel de flu\u00eancia<\/li><\/ul><p><iframe title=\"YouTube video player\" src=\"https:\/\/www.youtube.com\/embed\/l1l6fyHsV8U?si=x2ywg4BcciUFB9mH\" width=\"560\" height=\"315\" frameborder=\"0\" allowfullscreen=\"allowfullscreen\"><\/iframe><\/p><p><strong>Avalia\u00e7\u00e3o:<\/strong><\/p><p>Devido \u00e0 natureza deste programa, n\u00e3o h\u00e1 reprova\u00e7\u00e3o ou aprova\u00e7\u00e3o no curso. No entanto, os alunos poder\u00e3o conhecer a \u00e1rea em que precisam melhorar para obter a pontua\u00e7\u00e3o desejada no exame.<\/p><p>\u2018Mock tests\u2019 s\u00e3o realizados ao longo do curso como avalia\u00e7\u00f5es formativas e h\u00e1 duas avalia\u00e7\u00f5es sumativas durante o curso de prepara\u00e7\u00e3o, a meio do ano e uma no final do ano.<\/p><\/div>\n\t\t\t\t\t\t\t\t\t<div class=\"elementor-tab-title elementor-tab-mobile-title\" aria-selected=\"false\" data-tab=\"5\" role=\"tab\" tabindex=\"-1\" aria-controls=\"elementor-tab-content-1055\" aria-expanded=\"false\">C2 Proficiency<\/div>\n\t\t\t\t\t<div id=\"elementor-tab-content-1055\" class=\"elementor-tab-content elementor-clearfix\" data-tab=\"5\" role=\"tabpanel\" aria-labelledby=\"elementor-tab-title-1055\" tabindex=\"0\" hidden=\"hidden\"><p>C2 Proficiency, anteriormente conhecido como Cambridge English: Proficiency (CPE), \u00e9 uma das nossas Qualifica\u00e7\u00f5es Cambridge English. \u00c9 a nossa qualifica\u00e7\u00e3o de n\u00edvel mais alto e prova que o aluno est\u00e1 no n\u00edvel mais alto de aquisi\u00e7\u00e3o da l\u00edngua.<\/p><p><strong>Objetivos:<\/strong><\/p><ul><li>Estude assuntos exigentes no mais alto n\u00edvel, incluindo programas de p\u00f3s-gradua\u00e7\u00e3o e doutoramento<\/li><li>Negociar e persuadir de forma eficaz a n\u00edvel de gest\u00e3o s\u00e9nior em ambientes de neg\u00f3cios internacionais<\/li><li>Compreender as ideias principais de pe\u00e7as complexas de escrita<\/li><li>Fale sobre quest\u00f5es complexas ou delicadas e lidar com confian\u00e7a com quest\u00f5es dif\u00edceis<\/li><\/ul><p><iframe title=\"YouTube video player\" src=\"https:\/\/www.youtube.com\/embed\/GQp_uV7oCbE?si=OwxLxF-yoKCxYzSu\" width=\"560\" height=\"315\" frameborder=\"0\" allowfullscreen=\"allowfullscreen\"><\/iframe><\/p><p><strong>Avalia\u00e7\u00e3o:<\/strong><\/p><p>Devido \u00e0 natureza deste programa, n\u00e3o h\u00e1 reprova\u00e7\u00e3o ou aprova\u00e7\u00e3o no curso. No entanto, os alunos poder\u00e3o conhecer a \u00e1rea em que precisam melhorar para obter a pontua\u00e7\u00e3o desejada no exame.<\/p><p>\u2018Mock tests\u2019 s\u00e3o realizados ao longo do curso como avalia\u00e7\u00f5es formativas e h\u00e1 duas avalia\u00e7\u00f5es sumativas durante o curso de prepara\u00e7\u00e3o, a meio do ano e uma no final do ano.<\/p><\/div>\n\t\t\t\t\t\t\t<\/div>\n\t\t<\/div>\n\t\t\t\t\t\t<\/div>\n\t\t\t\t<\/div>\n\t\t\t\t\t<\/div>\n\t\t<\/div>\n\t\t\t\t\t<\/div>\n\t\t<\/section>\n\t\t\t\t<section class=\"elementor-section elementor-top-section elementor-element elementor-element-1e579c84 elementor-section-content-middle elementor-section-boxed elementor-section-height-default elementor-section-height-default\" data-id=\"1e579c84\" data-element_type=\"section\" data-e-type=\"section\" data-settings=\"{&quot;background_background&quot;:&quot;classic&quot;}\">\n\t\t\t\t\t\t\t<div class=\"elementor-background-overlay\"><\/div>\n\t\t\t\t\t\t\t<div class=\"elementor-container elementor-column-gap-wider\">\n\t\t\t\t\t<div class=\"elementor-column elementor-col-100 elementor-top-column elementor-element elementor-element-56542e2a animated-fast elementor-invisible\" data-id=\"56542e2a\" data-element_type=\"column\" data-e-type=\"column\" data-settings=\"{&quot;animation&quot;:&quot;pulse&quot;,&quot;animation_delay&quot;:400}\">\n\t\t\t<div class=\"elementor-widget-wrap\">\n\t\t\t\t\t\t\t<\/div>\n\t\t<\/div>\n\t\t\t\t\t<\/div>\n\t\t<\/section>\n\t\t\t\t<\/div>\n\t\t","protected":false},"excerpt":{"rendered":"<p>Cursos paraJovens Os nossos programas espec\u00edficos para jovens, proporcionam uma forte intera\u00e7\u00e3o comunicativa entre o professor e o aluno, desenvolvendo a facilidade de comunica\u00e7\u00e3o numa nova l\u00edngua.. A2 Key B1 Preliminary B2 First C1 Advanced C2 Proficiency A2 Key Os alunos que frequentam este curso no final do ano letivo estar\u00e3o aptos a realizar um [&hellip;]<\/p>\n","protected":false},"author":1,"featured_media":0,"parent":1121,"menu_order":0,"comment_status":"closed","ping_status":"closed","template":"","meta":{"site-sidebar-layout":"no-sidebar","site-content-layout":"","ast-site-content-layout":"full-width-container","site-content-style":"default","site-sidebar-style":"default","ast-global-header-display":"","ast-banner-title-visibility":"","ast-main-header-display":"","ast-hfb-above-header-display":"","ast-hfb-below-header-display":"","ast-hfb-mobile-header-display":"","site-post-title":"disabled","ast-breadcrumbs-content":"","ast-featured-img":"","footer-sml-layout":"","ast-disable-related-posts":"","theme-transparent-header-meta":"","adv-header-id-meta":"","stick-header-meta":"","header-above-stick-meta":"","header-main-stick-meta":"","header-below-stick-meta":"","astra-migrate-meta-layouts":"set","ast-page-background-enabled":"default","ast-page-background-meta":{"desktop":{"background-color":"var(--ast-global-color-4)","background-image":"","background-repeat":"repeat","background-position":"center center","background-size":"auto","background-attachment":"scroll","background-type":"","background-media":"","overlay-type":"","overlay-color":"","overlay-opacity":"","overlay-gradient":""},"tablet":{"background-color":"","background-image":"","background-repeat":"repeat","background-position":"center center","background-size":"auto","background-attachment":"scroll","background-type":"","background-media":"","overlay-type":"","overlay-color":"","overlay-opacity":"","overlay-gradient":""},"mobile":{"background-color":"","background-image":"","background-repeat":"repeat","background-position":"center center","background-size":"auto","background-attachment":"scroll","background-type":"","background-media":"","overlay-type":"","overlay-color":"","overlay-opacity":"","overlay-gradient":""}},"ast-content-background-meta":{"desktop":{"background-color":"var(--ast-global-color-5)","background-image":"","background-repeat":"repeat","background-position":"center center","background-size":"auto","background-attachment":"scroll","background-type":"","background-media":"","overlay-type":"","overlay-color":"","overlay-opacity":"","overlay-gradient":""},"tablet":{"background-color":"var(--ast-global-color-5)","background-image":"","background-repeat":"repeat","background-position":"center center","background-size":"auto","background-attachment":"scroll","background-type":"","background-media":"","overlay-type":"","overlay-color":"","overlay-opacity":"","overlay-gradient":""},"mobile":{"background-color":"var(--ast-global-color-5)","background-image":"","background-repeat":"repeat","background-position":"center center","background-size":"auto","background-attachment":"scroll","background-type":"","background-media":"","overlay-type":"","overlay-color":"","overlay-opacity":"","overlay-gradient":""}},"footnotes":""},"class_list":["post-1254","page","type-page","status-publish","hentry"],"_links":{"self":[{"href":"https:\/\/funlanguages-almada.pt\/en\/wp-json\/wp\/v2\/pages\/1254","targetHints":{"allow":["GET"]}}],"collection":[{"href":"https:\/\/funlanguages-almada.pt\/en\/wp-json\/wp\/v2\/pages"}],"about":[{"href":"https:\/\/funlanguages-almada.pt\/en\/wp-json\/wp\/v2\/types\/page"}],"author":[{"embeddable":true,"href":"https:\/\/funlanguages-almada.pt\/en\/wp-json\/wp\/v2\/users\/1"}],"replies":[{"embeddable":true,"href":"https:\/\/funlanguages-almada.pt\/en\/wp-json\/wp\/v2\/comments?post=1254"}],"version-history":[{"count":3,"href":"https:\/\/funlanguages-almada.pt\/en\/wp-json\/wp\/v2\/pages\/1254\/revisions"}],"predecessor-version":[{"id":9755,"href":"https:\/\/funlanguages-almada.pt\/en\/wp-json\/wp\/v2\/pages\/1254\/revisions\/9755"}],"up":[{"embeddable":true,"href":"https:\/\/funlanguages-almada.pt\/en\/wp-json\/wp\/v2\/pages\/1121"}],"wp:attachment":[{"href":"https:\/\/funlanguages-almada.pt\/en\/wp-json\/wp\/v2\/media?parent=1254"}],"curies":[{"name":"wp","href":"https:\/\/api.w.org\/{rel}","templated":true}]}}