{"id":1258,"date":"2022-07-24T15:30:43","date_gmt":"2022-07-24T14:30:43","guid":{"rendered":"https:\/\/tribodidatica.pt\/?page_id=1258"},"modified":"2026-03-14T12:25:07","modified_gmt":"2026-03-14T11:25:07","slug":"cursos-de-verao-em-portugal","status":"publish","type":"page","link":"https:\/\/funlanguages-almada.pt\/en\/cursos\/cursos-de-verao-em-portugal\/","title":{"rendered":"English &amp; Surf"},"content":{"rendered":"<div data-elementor-type=\"wp-page\" data-elementor-id=\"1258\" class=\"elementor elementor-1258\" data-elementor-post-type=\"page\">\n\t\t\t\t\t\t<header class=\"elementor-section elementor-top-section elementor-element elementor-element-5bacaf6d elementor-section-height-min-height elementor-section-items-bottom elementor-section-boxed elementor-section-height-default\" data-id=\"5bacaf6d\" data-element_type=\"section\" data-e-type=\"section\" data-settings=\"{&quot;background_background&quot;:&quot;classic&quot;}\">\n\t\t\t\t\t\t\t<div class=\"elementor-background-overlay\"><\/div>\n\t\t\t\t\t\t\t<div class=\"elementor-container elementor-column-gap-wider\">\n\t\t\t\t\t<div class=\"elementor-column elementor-col-50 elementor-top-column elementor-element elementor-element-58fe2981\" data-id=\"58fe2981\" data-element_type=\"column\" data-e-type=\"column\">\n\t\t\t<div class=\"elementor-widget-wrap elementor-element-populated\">\n\t\t\t\t\t\t<div class=\"elementor-element elementor-element-c6de1d2 elementor-widget-divider--view-line elementor-widget elementor-widget-global elementor-global-6459 elementor-widget-divider\" data-id=\"c6de1d2\" data-element_type=\"widget\" data-e-type=\"widget\" data-widget_type=\"divider.default\">\n\t\t\t\t<div class=\"elementor-widget-container\">\n\t\t\t\t\t\t\t<div class=\"elementor-divider\">\n\t\t\t<span class=\"elementor-divider-separator\">\n\t\t\t\t\t\t<\/span>\n\t\t<\/div>\n\t\t\t\t\t\t<\/div>\n\t\t\t\t<\/div>\n\t\t\t\t<div class=\"elementor-element elementor-element-22bb1ac4 elementor-widget elementor-widget-heading\" data-id=\"22bb1ac4\" data-element_type=\"widget\" data-e-type=\"widget\" data-widget_type=\"heading.default\">\n\t\t\t\t<div class=\"elementor-widget-container\">\n\t\t\t\t\t<h1 class=\"elementor-heading-title elementor-size-default\">English &amp; Surf \ud83c\udfc4\ud83c\udffb\u200d\u2640\ufe0f\n<\/h1>\t\t\t\t<\/div>\n\t\t\t\t<\/div>\n\t\t\t\t\t<\/div>\n\t\t<\/div>\n\t\t\t\t<div class=\"elementor-column elementor-col-50 elementor-top-column elementor-element elementor-element-465c7166 elementor-invisible\" data-id=\"465c7166\" data-element_type=\"column\" data-e-type=\"column\" data-settings=\"{&quot;background_background&quot;:&quot;classic&quot;,&quot;animation&quot;:&quot;fadeIn&quot;}\">\n\t\t\t<div class=\"elementor-widget-wrap\">\n\t\t\t\t\t\t\t<\/div>\n\t\t<\/div>\n\t\t\t\t\t<\/div>\n\t\t<\/header>\n\t\t\t\t<section class=\"elementor-section elementor-top-section elementor-element elementor-element-576609fd elementor-section-boxed elementor-section-height-default elementor-section-height-default\" data-id=\"576609fd\" data-element_type=\"section\" data-e-type=\"section\" data-settings=\"{&quot;background_background&quot;:&quot;classic&quot;}\">\n\t\t\t\t\t\t\t<div class=\"elementor-background-overlay\"><\/div>\n\t\t\t\t\t\t\t<div class=\"elementor-container elementor-column-gap-wider\">\n\t\t\t\t\t<div class=\"elementor-column elementor-col-50 elementor-top-column elementor-element elementor-element-5c1f3b89 elementor-invisible\" data-id=\"5c1f3b89\" data-element_type=\"column\" data-e-type=\"column\" data-settings=\"{&quot;background_background&quot;:&quot;classic&quot;,&quot;animation&quot;:&quot;fadeIn&quot;,&quot;animation_delay&quot;:100}\">\n\t\t\t<div class=\"elementor-widget-wrap elementor-element-populated\">\n\t\t\t\t\t\t<div class=\"elementor-element elementor-element-4e45591d elementor-widget-divider--view-line elementor-invisible elementor-widget elementor-widget-divider\" data-id=\"4e45591d\" data-element_type=\"widget\" data-e-type=\"widget\" data-settings=\"{&quot;_animation_delay&quot;:300,&quot;_animation&quot;:&quot;fadeIn&quot;}\" data-widget_type=\"divider.default\">\n\t\t\t\t<div class=\"elementor-widget-container\">\n\t\t\t\t\t\t\t<div class=\"elementor-divider\">\n\t\t\t<span class=\"elementor-divider-separator\">\n\t\t\t\t\t\t<\/span>\n\t\t<\/div>\n\t\t\t\t\t\t<\/div>\n\t\t\t\t<\/div>\n\t\t\t\t<div class=\"elementor-element elementor-element-367d9e5 elementor-widget elementor-widget-heading\" data-id=\"367d9e5\" data-element_type=\"widget\" data-e-type=\"widget\" data-widget_type=\"heading.default\">\n\t\t\t\t<div class=\"elementor-widget-container\">\n\t\t\t\t\t<h4 class=\"elementor-heading-title elementor-size-default\">This summer, join Fun Languages Almada and Dr. Bernard Surf School for a unique experience that combines English lessons with surf sessions at CDS beach, Costa da Caparica.<\/h4>\t\t\t\t<\/div>\n\t\t\t\t<\/div>\n\t\t\t\t<div class=\"elementor-element elementor-element-8c994fc elementor-widget elementor-widget-text-editor\" data-id=\"8c994fc\" data-element_type=\"widget\" data-e-type=\"widget\" data-widget_type=\"text-editor.default\">\n\t\t\t\t<div class=\"elementor-widget-container\">\n\t\t\t\t\t\t\t\t\t<p><span style=\"font-style: inherit;\">The English + Surf program is designed for young people between 8 and 15 years old <\/span>who want to improve their English in a fun, practical and outdoor way!<\/p><ul><li>English classes will focus on oral communication, our teachers are experienced and native speakers, the environment is dynamic and relaxed and we will have many interactive activities and educational games.<\/li><li>Surf lessons are taught by certified instructors, all material is included and are adapted to the level of each participant.<\/li><\/ul><p>The aim is to promote the learning of English in a real context, while participants develop confidence, team spirit and connection with nature.<\/p>\t\t\t\t\t\t\t\t<\/div>\n\t\t\t\t<\/div>\n\t\t\t\t<div class=\"elementor-element elementor-element-d456279 elementor-widget elementor-widget-video\" data-id=\"d456279\" data-element_type=\"widget\" data-e-type=\"widget\" data-settings=\"{&quot;video_type&quot;:&quot;hosted&quot;,&quot;autoplay&quot;:&quot;yes&quot;,&quot;mute&quot;:&quot;yes&quot;,&quot;loop&quot;:&quot;yes&quot;,&quot;controls&quot;:&quot;yes&quot;}\" data-widget_type=\"video.default\">\n\t\t\t\t<div class=\"elementor-widget-container\">\n\t\t\t\t\t\t\t<div class=\"e-hosted-video elementor-wrapper elementor-open-inline\">\n\t\t\t\t\t<video class=\"elementor-video\" src=\"https:\/\/funlanguages-almada.pt\/wp-content\/uploads\/2025\/05\/WhatsApp-Video-2025-05-20-at-16.29.08.mp4\" autoplay=\"\" loop=\"\" controls=\"\" muted=\"muted\" controlslist=\"nodownload\"><\/video>\n\t\t\t\t<\/div>\n\t\t\t\t\t\t<\/div>\n\t\t\t\t<\/div>\n\t\t\t\t<section class=\"elementor-section elementor-inner-section elementor-element elementor-element-3e5811ee elementor-section-boxed elementor-section-height-default elementor-section-height-default\" data-id=\"3e5811ee\" data-element_type=\"section\" data-e-type=\"section\">\n\t\t\t\t\t\t<div class=\"elementor-container elementor-column-gap-no\">\n\t\t\t\t\t<div class=\"elementor-column elementor-col-100 elementor-inner-column elementor-element elementor-element-5bfc1f50\" data-id=\"5bfc1f50\" data-element_type=\"column\" data-e-type=\"column\">\n\t\t\t<div class=\"elementor-widget-wrap elementor-element-populated\">\n\t\t\t\t\t\t<div class=\"elementor-element elementor-element-f0deeef elementor-widget elementor-widget-heading\" data-id=\"f0deeef\" data-element_type=\"widget\" data-e-type=\"widget\" data-widget_type=\"heading.default\">\n\t\t\t\t<div class=\"elementor-widget-container\">\n\t\t\t\t\t<h3 class=\"elementor-heading-title elementor-size-default\">Program<\/h3>\t\t\t\t<\/div>\n\t\t\t\t<\/div>\n\t\t\t\t<div class=\"elementor-element elementor-element-73eeff1 elementor-widget elementor-widget-image\" data-id=\"73eeff1\" data-element_type=\"widget\" data-e-type=\"widget\" data-widget_type=\"image.default\">\n\t\t\t\t<div class=\"elementor-widget-container\">\n\t\t\t\t\t\t\t\t\t\t\t\t\t\t\t<img data-opt-id=585716401  fetchpriority=\"high\" decoding=\"async\" width=\"1024\" height=\"503\" src=\"https:\/\/mlav0z8xqinr.i.optimole.com\/cb:HFXN.1b7\/w:1024\/h:503\/q:mauto\/https:\/\/funlanguages-almada.pt\/wp-content\/uploads\/2025\/06\/programa-ingles-e-surf.png\" class=\"attachment-large size-large wp-image-7378\" alt=\"\" srcset=\"https:\/\/mlav0z8xqinr.i.optimole.com\/cb:HFXN.1b7\/w:1920\/h:942\/q:mauto\/https:\/\/funlanguages-almada.pt\/wp-content\/uploads\/2025\/06\/programa-ingles-e-surf.png 2028w, https:\/\/mlav0z8xqinr.i.optimole.com\/cb:HFXN.1b7\/w:300\/h:147\/q:mauto\/https:\/\/funlanguages-almada.pt\/wp-content\/uploads\/2025\/06\/programa-ingles-e-surf.png 300w, https:\/\/mlav0z8xqinr.i.optimole.com\/cb:HFXN.1b7\/w:1024\/h:503\/q:mauto\/https:\/\/funlanguages-almada.pt\/wp-content\/uploads\/2025\/06\/programa-ingles-e-surf.png 1024w, https:\/\/mlav0z8xqinr.i.optimole.com\/cb:HFXN.1b7\/w:768\/h:377\/q:mauto\/https:\/\/funlanguages-almada.pt\/wp-content\/uploads\/2025\/06\/programa-ingles-e-surf.png 768w, https:\/\/mlav0z8xqinr.i.optimole.com\/cb:HFXN.1b7\/w:1536\/h:754\/q:mauto\/https:\/\/funlanguages-almada.pt\/wp-content\/uploads\/2025\/06\/programa-ingles-e-surf.png 1536w, https:\/\/mlav0z8xqinr.i.optimole.com\/cb:HFXN.1b7\/w:18\/h:9\/q:mauto\/dpr:2\/https:\/\/funlanguages-almada.pt\/wp-content\/uploads\/2025\/06\/programa-ingles-e-surf.png 18w\" sizes=\"(max-width: 1024px) 100vw, 1024px\" \/>\t\t\t\t\t\t\t\t\t\t\t\t\t\t\t<\/div>\n\t\t\t\t<\/div>\n\t\t\t\t\t<\/div>\n\t\t<\/div>\n\t\t\t\t\t<\/div>\n\t\t<\/section>\n\t\t\t\t\t<\/div>\n\t\t<\/div>\n\t\t\t\t<div class=\"elementor-column elementor-col-50 elementor-top-column elementor-element elementor-element-24856566\" data-id=\"24856566\" data-element_type=\"column\" data-e-type=\"column\">\n\t\t\t<div class=\"elementor-widget-wrap elementor-element-populated\">\n\t\t\t\t\t\t<div class=\"elementor-element elementor-element-1b1ad0c elementor-widget__width-initial elementor-widget elementor-widget-image\" data-id=\"1b1ad0c\" data-element_type=\"widget\" data-e-type=\"widget\" data-widget_type=\"image.default\">\n\t\t\t\t<div class=\"elementor-widget-container\">\n\t\t\t\t\t\t\t\t\t\t\t\t\t\t\t\t<a href=\"https:\/\/drive.google.com\/file\/d\/1YLYB04i56IdGMZU4hkBgkOmoc6hMcmiL\/view\" target=\"_blank\">\n\t\t\t\t\t\t\t<img data-opt-id=1322726581  fetchpriority=\"high\" decoding=\"async\" width=\"248\" height=\"444\" src=\"https:\/\/mlav0z8xqinr.i.optimole.com\/cb:HFXN.1b7\/w:248\/h:444\/q:mauto\/https:\/\/funlanguages-almada.pt\/wp-content\/uploads\/2025\/05\/WhatsApp-Image-2025-05-20-at-16.29.03-e1750845823842.jpeg\" class=\"attachment-medium_large size-medium_large wp-image-6219\" alt=\"Ingles e Surf - Confira isso - Atividades divertidas nas f\u00e9rias\" srcset=\"https:\/\/mlav0z8xqinr.i.optimole.com\/cb:HFXN.1b7\/w:248\/h:444\/q:mauto\/https:\/\/funlanguages-almada.pt\/wp-content\/uploads\/2025\/05\/WhatsApp-Image-2025-05-20-at-16.29.03-e1750845823842.jpeg 248w, https:\/\/mlav0z8xqinr.i.optimole.com\/cb:HFXN.1b7\/w:168\/h:300\/q:mauto\/https:\/\/funlanguages-almada.pt\/wp-content\/uploads\/2025\/05\/WhatsApp-Image-2025-05-20-at-16.29.03-e1750845823842.jpeg 168w, https:\/\/mlav0z8xqinr.i.optimole.com\/cb:HFXN.1b7\/w:7\/h:12\/q:mauto\/dpr:2\/https:\/\/funlanguages-almada.pt\/wp-content\/uploads\/2025\/05\/WhatsApp-Image-2025-05-20-at-16.29.03-e1750845823842.jpeg 7w\" sizes=\"(max-width: 248px) 100vw, 248px\" \/>\t\t\t\t\t\t\t\t<\/a>\n\t\t\t\t\t\t\t\t\t\t\t\t\t\t\t<\/div>\n\t\t\t\t<\/div>\n\t\t\t\t<div class=\"elementor-element elementor-element-1a9a891 elementor-align-justify elementor-widget elementor-widget-button\" data-id=\"1a9a891\" data-element_type=\"widget\" data-e-type=\"widget\" data-widget_type=\"button.default\">\n\t\t\t\t<div class=\"elementor-widget-container\">\n\t\t\t\t\t\t\t\t\t<div class=\"elementor-button-wrapper\">\n\t\t\t\t\t<a class=\"elementor-button elementor-button-link elementor-size-sm\" href=\"https:\/\/w.app\/funlanguagesalmada\" target=\"_blank\">\n\t\t\t\t\t\t<span class=\"elementor-button-content-wrapper\">\n\t\t\t\t\t\t<span class=\"elementor-button-icon\">\n\t\t\t\t<i aria-hidden=\"true\" class=\"fab fa-whatsapp\"><\/i>\t\t\t<\/span>\n\t\t\t\t\t\t\t\t\t<span class=\"elementor-button-text\">Talk to us<\/span>\n\t\t\t\t\t<\/span>\n\t\t\t\t\t<\/a>\n\t\t\t\t<\/div>\n\t\t\t\t\t\t\t\t<\/div>\n\t\t\t\t<\/div>\n\t\t\t\t<div class=\"elementor-element elementor-element-da1e261 elementor-button-info elementor-align-justify elementor-widget elementor-widget-button\" data-id=\"da1e261\" data-element_type=\"widget\" data-e-type=\"widget\" data-widget_type=\"button.default\">\n\t\t\t\t<div class=\"elementor-widget-container\">\n\t\t\t\t\t\t\t\t\t<div class=\"elementor-button-wrapper\">\n\t\t\t\t\t<a class=\"elementor-button elementor-button-link elementor-size-sm\" href=\"https:\/\/drive.google.com\/file\/d\/1YLYB04i56IdGMZU4hkBgkOmoc6hMcmiL\/view\">\n\t\t\t\t\t\t<span class=\"elementor-button-content-wrapper\">\n\t\t\t\t\t\t<span class=\"elementor-button-icon\">\n\t\t\t\t<i aria-hidden=\"true\" class=\"far fa-arrow-alt-circle-down\"><\/i>\t\t\t<\/span>\n\t\t\t\t\t\t\t\t\t<span class=\"elementor-button-text\">Download the pdf here<\/span>\n\t\t\t\t\t<\/span>\n\t\t\t\t\t<\/a>\n\t\t\t\t<\/div>\n\t\t\t\t\t\t\t\t<\/div>\n\t\t\t\t<\/div>\n\t\t\t\t<div class=\"elementor-element elementor-element-fb6cb1a elementor-align-justify elementor-widget elementor-widget-button\" data-id=\"fb6cb1a\" data-element_type=\"widget\" data-e-type=\"widget\" data-widget_type=\"button.default\">\n\t\t\t\t<div class=\"elementor-widget-container\">\n\t\t\t\t\t\t\t\t\t<div class=\"elementor-button-wrapper\">\n\t\t\t\t\t<a class=\"elementor-button elementor-button-link elementor-size-sm\" href=\"https:\/\/forms.office.com\/r\/vmPs1kEjKJ\">\n\t\t\t\t\t\t<span class=\"elementor-button-content-wrapper\">\n\t\t\t\t\t\t<span class=\"elementor-button-icon\">\n\t\t\t\t<i aria-hidden=\"true\" class=\"fas fa-sun\"><\/i>\t\t\t<\/span>\n\t\t\t\t\t\t\t\t\t<span class=\"elementor-button-text\">Secure your place now!<\/span>\n\t\t\t\t\t<\/span>\n\t\t\t\t\t<\/a>\n\t\t\t\t<\/div>\n\t\t\t\t\t\t\t\t<\/div>\n\t\t\t\t<\/div>\n\t\t\t\t<div class=\"elementor-element elementor-element-53b3a33 elementor-widget elementor-widget-text-editor\" data-id=\"53b3a33\" data-element_type=\"widget\" data-e-type=\"widget\" data-widget_type=\"text-editor.default\">\n\t\t\t\t<div class=\"elementor-widget-container\">\n\t\t\t\t\t\t\t\t\t<p><strong>The Details:<\/strong><\/p><ul><li>On Surf days, check-in is at Dr. Bernard School at 9:00<\/li><li>Check-out is always done at Fun Languages Almada<\/li><li>Lunches are included<\/li><li>Transportation from the surf school to Fun Languages Almada after the<\/li><li>The workshops will be music, yoga, traditional games, cooking.<\/li><\/ul>\t\t\t\t\t\t\t\t<\/div>\n\t\t\t\t<\/div>\n\t\t\t\t<div class=\"elementor-element elementor-element-54dd6b2 elementor-widget elementor-widget-text-editor\" data-id=\"54dd6b2\" data-element_type=\"widget\" data-e-type=\"widget\" data-widget_type=\"text-editor.default\">\n\t\t\t\t<div class=\"elementor-widget-container\">\n\t\t\t\t\t\t\t\t\t<p><strong>Available weeks:<\/strong><\/p><ul><li>June 30th to July 4th<\/li><li>July 7th to July 11th \u2013 last spots!<\/li><li>July 14th to July 18th<\/li><li>July 21st to July 25th<\/li><li>July 28th to August 1st<\/li><\/ul>\t\t\t\t\t\t\t\t<\/div>\n\t\t\t\t<\/div>\n\t\t\t\t\t<\/div>\n\t\t<\/div>\n\t\t\t\t\t<\/div>\n\t\t<\/section>\n\t\t\t\t<\/div>","protected":false},"excerpt":{"rendered":"<p>Ingles &amp; Surf \ud83c\udfc4\ud83c\udffb\u200d\u2640\ufe0f Este ver\u00e3o, junta-te \u00e0 Fun Languages Almada e \u00e0 Dr. Bernard Surf School para uma experi\u00eancia \u00fanica que combina aulas de ingl\u00eas com sess\u00f5es de surf na praia do CDS, Costa da Caparica. O programa Ingl\u00eas + Surf \u00e9 pensado para jovens entre os 8 e os 15 anos que querem [&hellip;]<\/p>\n","protected":false},"author":1,"featured_media":0,"parent":1121,"menu_order":0,"comment_status":"closed","ping_status":"closed","template":"","meta":{"site-sidebar-layout":"no-sidebar","site-content-layout":"","ast-site-content-layout":"full-width-container","site-content-style":"default","site-sidebar-style":"default","ast-global-header-display":"","ast-banner-title-visibility":"","ast-main-header-display":"","ast-hfb-above-header-display":"","ast-hfb-below-header-display":"","ast-hfb-mobile-header-display":"","site-post-title":"disabled","ast-breadcrumbs-content":"","ast-featured-img":"","footer-sml-layout":"","ast-disable-related-posts":"","theme-transparent-header-meta":"","adv-header-id-meta":"","stick-header-meta":"","header-above-stick-meta":"","header-main-stick-meta":"","header-below-stick-meta":"","astra-migrate-meta-layouts":"set","ast-page-background-enabled":"default","ast-page-background-meta":{"desktop":{"background-color":"var(--ast-global-color-4)","background-image":"","background-repeat":"repeat","background-position":"center center","background-size":"auto","background-attachment":"scroll","background-type":"","background-media":"","overlay-type":"","overlay-color":"","overlay-opacity":"","overlay-gradient":""},"tablet":{"background-color":"","background-image":"","background-repeat":"repeat","background-position":"center center","background-size":"auto","background-attachment":"scroll","background-type":"","background-media":"","overlay-type":"","overlay-color":"","overlay-opacity":"","overlay-gradient":""},"mobile":{"background-color":"","background-image":"","background-repeat":"repeat","background-position":"center center","background-size":"auto","background-attachment":"scroll","background-type":"","background-media":"","overlay-type":"","overlay-color":"","overlay-opacity":"","overlay-gradient":""}},"ast-content-background-meta":{"desktop":{"background-color":"var(--ast-global-color-5)","background-image":"","background-repeat":"repeat","background-position":"center center","background-size":"auto","background-attachment":"scroll","background-type":"","background-media":"","overlay-type":"","overlay-color":"","overlay-opacity":"","overlay-gradient":""},"tablet":{"background-color":"var(--ast-global-color-5)","background-image":"","background-repeat":"repeat","background-position":"center center","background-size":"auto","background-attachment":"scroll","background-type":"","background-media":"","overlay-type":"","overlay-color":"","overlay-opacity":"","overlay-gradient":""},"mobile":{"background-color":"var(--ast-global-color-5)","background-image":"","background-repeat":"repeat","background-position":"center center","background-size":"auto","background-attachment":"scroll","background-type":"","background-media":"","overlay-type":"","overlay-color":"","overlay-opacity":"","overlay-gradient":""}},"footnotes":""},"class_list":["post-1258","page","type-page","status-publish","hentry"],"_links":{"self":[{"href":"https:\/\/funlanguages-almada.pt\/en\/wp-json\/wp\/v2\/pages\/1258","targetHints":{"allow":["GET"]}}],"collection":[{"href":"https:\/\/funlanguages-almada.pt\/en\/wp-json\/wp\/v2\/pages"}],"about":[{"href":"https:\/\/funlanguages-almada.pt\/en\/wp-json\/wp\/v2\/types\/page"}],"author":[{"embeddable":true,"href":"https:\/\/funlanguages-almada.pt\/en\/wp-json\/wp\/v2\/users\/1"}],"replies":[{"embeddable":true,"href":"https:\/\/funlanguages-almada.pt\/en\/wp-json\/wp\/v2\/comments?post=1258"}],"version-history":[{"count":3,"href":"https:\/\/funlanguages-almada.pt\/en\/wp-json\/wp\/v2\/pages\/1258\/revisions"}],"predecessor-version":[{"id":9792,"href":"https:\/\/funlanguages-almada.pt\/en\/wp-json\/wp\/v2\/pages\/1258\/revisions\/9792"}],"up":[{"embeddable":true,"href":"https:\/\/funlanguages-almada.pt\/en\/wp-json\/wp\/v2\/pages\/1121"}],"wp:attachment":[{"href":"https:\/\/funlanguages-almada.pt\/en\/wp-json\/wp\/v2\/media?parent=1258"}],"curies":[{"name":"wp","href":"https:\/\/api.w.org\/{rel}","templated":true}]}}