{"id":1260,"date":"2022-07-24T15:31:23","date_gmt":"2022-07-24T14:31:23","guid":{"rendered":"https:\/\/tribodidatica.pt\/?page_id=1260"},"modified":"2026-03-14T12:25:04","modified_gmt":"2026-03-14T11:25:04","slug":"cursos-de-verao-em-uk","status":"publish","type":"page","link":"https:\/\/funlanguages-almada.pt\/en\/cursos\/cursos-de-verao-em-uk\/","title":{"rendered":"Summer Courses in UK"},"content":{"rendered":"\t\t<div data-elementor-type=\"wp-page\" data-elementor-id=\"1260\" class=\"elementor elementor-1260\" data-elementor-post-type=\"page\">\n\t\t\t\t\t\t<header class=\"elementor-section elementor-top-section elementor-element elementor-element-48c14895 elementor-section-height-min-height elementor-section-items-bottom elementor-section-boxed elementor-section-height-default\" data-id=\"48c14895\" data-element_type=\"section\" data-e-type=\"section\" data-settings=\"{&quot;background_background&quot;:&quot;classic&quot;}\">\n\t\t\t\t\t\t\t<div class=\"elementor-background-overlay\"><\/div>\n\t\t\t\t\t\t\t<div class=\"elementor-container elementor-column-gap-wider\">\n\t\t\t\t\t<div class=\"elementor-column elementor-col-50 elementor-top-column elementor-element elementor-element-32fed575\" data-id=\"32fed575\" data-element_type=\"column\" data-e-type=\"column\">\n\t\t\t<div class=\"elementor-widget-wrap elementor-element-populated\">\n\t\t\t\t\t\t<div class=\"elementor-element elementor-element-c2504bd elementor-widget-divider--view-line elementor-widget elementor-widget-global elementor-global-6459 elementor-widget-divider\" data-id=\"c2504bd\" data-element_type=\"widget\" data-e-type=\"widget\" data-widget_type=\"divider.default\">\n\t\t\t\t<div class=\"elementor-widget-container\">\n\t\t\t\t\t\t\t<div class=\"elementor-divider\">\n\t\t\t<span class=\"elementor-divider-separator\">\n\t\t\t\t\t\t<\/span>\n\t\t<\/div>\n\t\t\t\t\t\t<\/div>\n\t\t\t\t<\/div>\n\t\t\t\t<div class=\"elementor-element elementor-element-7b8c7fc9 elementor-widget elementor-widget-heading\" data-id=\"7b8c7fc9\" data-element_type=\"widget\" data-e-type=\"widget\" data-widget_type=\"heading.default\">\n\t\t\t\t<div class=\"elementor-widget-container\">\n\t\t\t\t\t<h1 class=\"elementor-heading-title elementor-size-default\">Cursos de Ver\u00e3o no Reino Unido<\/h1>\t\t\t\t<\/div>\n\t\t\t\t<\/div>\n\t\t\t\t\t<\/div>\n\t\t<\/div>\n\t\t\t\t<div class=\"elementor-column elementor-col-50 elementor-top-column elementor-element elementor-element-7c9a25db elementor-invisible\" data-id=\"7c9a25db\" data-element_type=\"column\" data-e-type=\"column\" data-settings=\"{&quot;background_background&quot;:&quot;classic&quot;,&quot;animation&quot;:&quot;fadeIn&quot;}\">\n\t\t\t<div class=\"elementor-widget-wrap\">\n\t\t\t\t\t\t\t<\/div>\n\t\t<\/div>\n\t\t\t\t\t<\/div>\n\t\t<\/header>\n\t\t\t\t<section class=\"elementor-section elementor-top-section elementor-element elementor-element-3aa2439 elementor-section-content-middle elementor-section-boxed elementor-section-height-default elementor-section-height-default\" data-id=\"3aa2439\" data-element_type=\"section\" data-e-type=\"section\" data-settings=\"{&quot;background_background&quot;:&quot;classic&quot;}\">\n\t\t\t\t\t\t\t<div class=\"elementor-background-overlay\"><\/div>\n\t\t\t\t\t\t\t<div class=\"elementor-container elementor-column-gap-wide\">\n\t\t\t\t\t<div class=\"elementor-column elementor-col-50 elementor-top-column elementor-element elementor-element-66b10574 elementor-invisible\" data-id=\"66b10574\" data-element_type=\"column\" data-e-type=\"column\" data-settings=\"{&quot;background_background&quot;:&quot;classic&quot;,&quot;animation&quot;:&quot;fadeIn&quot;,&quot;animation_delay&quot;:100}\">\n\t\t\t<div class=\"elementor-widget-wrap elementor-element-populated\">\n\t\t\t\t\t\t<section class=\"elementor-section elementor-inner-section elementor-element elementor-element-305a1b0b elementor-section-boxed elementor-section-height-default elementor-section-height-default\" data-id=\"305a1b0b\" data-element_type=\"section\" data-e-type=\"section\">\n\t\t\t\t\t\t<div class=\"elementor-container elementor-column-gap-no\">\n\t\t\t\t\t<div class=\"elementor-column elementor-col-100 elementor-inner-column elementor-element elementor-element-3a04397f\" data-id=\"3a04397f\" data-element_type=\"column\" data-e-type=\"column\">\n\t\t\t<div class=\"elementor-widget-wrap elementor-element-populated\">\n\t\t\t\t\t\t<div class=\"elementor-element elementor-element-1a38dd16 elementor-widget elementor-widget-heading\" data-id=\"1a38dd16\" data-element_type=\"widget\" data-e-type=\"widget\" data-widget_type=\"heading.default\">\n\t\t\t\t<div class=\"elementor-widget-container\">\n\t\t\t\t\t<h3 class=\"elementor-heading-title elementor-size-default\">Curso dirigido a jovens entre os 12 e 17 anos de idade<\/h3>\t\t\t\t<\/div>\n\t\t\t\t<\/div>\n\t\t\t\t\t<\/div>\n\t\t<\/div>\n\t\t\t\t\t<\/div>\n\t\t<\/section>\n\t\t\t\t<div class=\"elementor-element elementor-element-b783138 elementor-widget elementor-widget-text-editor\" data-id=\"b783138\" data-element_type=\"widget\" data-e-type=\"widget\" data-widget_type=\"text-editor.default\">\n\t\t\t\t<div class=\"elementor-widget-container\">\n\t\t\t\t\t\t\t\t\t<p>Uma divertida oportunidade para partilhar culturas, criar novas amizades, muita divers\u00e3o, e o mais importante: aprender e praticar a l\u00edngua inglesa num ambiente internacional.<\/p>\n<ul>\n<li>Estadia de 7 dias com alojamento e refei\u00e7\u00f5es em col\u00e9gios tradicionais ingleses situados em v\u00e1rias zonas de Inglaterra<\/li>\n<li>15 horas de aulas de ingl\u00eas<\/li>\n<li>Realiza\u00e7\u00e3o de Placement Tests<\/li>\n<li>Acesso a materiais e Certificado de aproveitamento<\/li>\n<li>Programa estruturado de atividades pedag\u00f3gicas, desportivas e culturais para manh\u00e3s, tardes e noites<\/li>\n<li>Excurs\u00f5es a locais hist\u00f3ricos caracter\u00edsticos do pa\u00eds<\/li>\n<li>Atividades desportivas opcionais<\/li><li>Voo inclu\u00eddo<\/li>\n<\/ul>\n<p>Todas as atividades s\u00e3o acompanhadas por staff qualificado, respons\u00e1vel pelas atividades pedag\u00f3gicas, culturais e desportivas e pelo acompanhamento nas excurs\u00f5es. Todos os grupos s\u00e3o acompanhados por um representante da Fun Languages, desde a partida at\u00e9 \u00e0 chegada ao Aeroporto.<\/p>\t\t\t\t\t\t\t\t<\/div>\n\t\t\t\t<\/div>\n\t\t\t\t\t<\/div>\n\t\t<\/div>\n\t\t\t\t<div class=\"elementor-column elementor-col-50 elementor-top-column elementor-element elementor-element-15ff4909 elementor-invisible\" data-id=\"15ff4909\" data-element_type=\"column\" data-e-type=\"column\" data-settings=\"{&quot;animation&quot;:&quot;fadeIn&quot;,&quot;animation_delay&quot;:200}\">\n\t\t\t<div class=\"elementor-widget-wrap elementor-element-populated\">\n\t\t\t\t\t\t<div class=\"elementor-element elementor-element-4f3c2014 elementor-widget elementor-widget-image\" data-id=\"4f3c2014\" data-element_type=\"widget\" data-e-type=\"widget\" data-widget_type=\"image.default\">\n\t\t\t\t<div class=\"elementor-widget-container\">\n\t\t\t\t\t\t\t\t\t\t\t\t\t\t\t<img data-opt-id=1121635541  fetchpriority=\"high\" decoding=\"async\" width=\"1080\" height=\"1350\" src=\"https:\/\/mlav0z8xqinr.i.optimole.com\/cb:HFXN.1b7\/w:864\/h:1080\/q:mauto\/https:\/\/funlanguages-almada.pt\/wp-content\/uploads\/2025\/10\/UK-Summer-course-3.png\" class=\"attachment-full size-full wp-image-8263\" alt=\"\" srcset=\"https:\/\/mlav0z8xqinr.i.optimole.com\/cb:HFXN.1b7\/w:864\/h:1080\/q:mauto\/https:\/\/funlanguages-almada.pt\/wp-content\/uploads\/2025\/10\/UK-Summer-course-3.png 1080w, https:\/\/mlav0z8xqinr.i.optimole.com\/cb:HFXN.1b7\/w:240\/h:300\/q:mauto\/https:\/\/funlanguages-almada.pt\/wp-content\/uploads\/2025\/10\/UK-Summer-course-3.png 240w, https:\/\/mlav0z8xqinr.i.optimole.com\/cb:HFXN.1b7\/w:819\/h:1024\/q:mauto\/https:\/\/funlanguages-almada.pt\/wp-content\/uploads\/2025\/10\/UK-Summer-course-3.png 819w, https:\/\/mlav0z8xqinr.i.optimole.com\/cb:HFXN.1b7\/w:768\/h:960\/q:mauto\/https:\/\/funlanguages-almada.pt\/wp-content\/uploads\/2025\/10\/UK-Summer-course-3.png 768w, https:\/\/mlav0z8xqinr.i.optimole.com\/cb:HFXN.1b7\/w:10\/h:12\/q:mauto\/dpr:2\/https:\/\/funlanguages-almada.pt\/wp-content\/uploads\/2025\/10\/UK-Summer-course-3.png 10w\" sizes=\"(max-width: 1080px) 100vw, 1080px\" \/>\t\t\t\t\t\t\t\t\t\t\t\t\t\t\t<\/div>\n\t\t\t\t<\/div>\n\t\t\t\t\t<\/div>\n\t\t<\/div>\n\t\t\t\t\t<\/div>\n\t\t<\/section>\n\t\t\t\t<section class=\"elementor-section elementor-top-section elementor-element elementor-element-7fb0586 elementor-section-boxed elementor-section-height-default elementor-section-height-default\" data-id=\"7fb0586\" data-element_type=\"section\" data-e-type=\"section\">\n\t\t\t\t\t\t<div class=\"elementor-container elementor-column-gap-default\">\n\t\t\t\t\t<div class=\"elementor-column elementor-col-100 elementor-top-column elementor-element elementor-element-7e00717\" data-id=\"7e00717\" data-element_type=\"column\" data-e-type=\"column\">\n\t\t\t<div class=\"elementor-widget-wrap elementor-element-populated\">\n\t\t\t\t\t\t<div class=\"elementor-element elementor-element-425f484 elementor-widget elementor-widget-heading\" data-id=\"425f484\" data-element_type=\"widget\" data-e-type=\"widget\" data-widget_type=\"heading.default\">\n\t\t\t\t<div class=\"elementor-widget-container\">\n\t\t\t\t\t<h2 class=\"elementor-heading-title elementor-size-default\">Para saber mais, entre em contacto connsco atrav\u00e9s do formul\u00e1rio abaixo<\/h2>\t\t\t\t<\/div>\n\t\t\t\t<\/div>\n\t\t\t\t\t<\/div>\n\t\t<\/div>\n\t\t\t\t\t<\/div>\n\t\t<\/section>\n\t\t\t\t<section class=\"elementor-section elementor-top-section elementor-element elementor-element-c50d781 elementor-section-boxed elementor-section-height-default elementor-section-height-default\" data-id=\"c50d781\" data-element_type=\"section\" data-e-type=\"section\">\n\t\t\t\t\t\t<div class=\"elementor-container elementor-column-gap-default\">\n\t\t\t\t\t<div class=\"elementor-column elementor-col-100 elementor-top-column elementor-element elementor-element-604f02f\" data-id=\"604f02f\" data-element_type=\"column\" data-e-type=\"column\">\n\t\t\t<div class=\"elementor-widget-wrap elementor-element-populated\">\n\t\t\t\t\t\t<div class=\"elementor-element elementor-element-6204e42 elementor-widget elementor-widget-wpforms\" data-id=\"6204e42\" data-element_type=\"widget\" data-e-type=\"widget\" data-widget_type=\"wpforms.default\">\n\t\t\t\t<div class=\"elementor-widget-container\">\n\t\t\t\t\t<div class=\"wpforms-container wpforms-render-modern\" id=\"wpforms-4012\"><form id=\"wpforms-form-4012\" class=\"wpforms-validate wpforms-form wpforms-ajax-form\" data-formid=\"4012\" method=\"post\" enctype=\"multipart\/form-data\" action=\"\/en\/wp-json\/wp\/v2\/pages\/1260\" data-token=\"464cbf38bcc3e32c6716ecfa212fc008\" data-token-time=\"1776395558\"><noscript class=\"wpforms-error-noscript\">Please enable JavaScript in your browser to complete this form.<\/noscript><div id=\"wpforms-error-noscript\" style=\"display: none;\">Please enable JavaScript in your browser to complete this form.<\/div><div class=\"wpforms-field-container\"><div id=\"wpforms-4012-field_9-container\" class=\"wpforms-field wpforms-field-text\" data-field-id=\"9\"><label class=\"wpforms-field-label\" for=\"wpforms-4012-field_9\">Nome pr\u00f3prio: <span class=\"wpforms-required-label\" aria-hidden=\"true\">*<\/span><\/label><input type=\"text\" id=\"wpforms-4012-field_9\" class=\"wpforms-field-medium wpforms-field-required\" name=\"wpforms[fields][9]\" aria-errormessage=\"wpforms-4012-field_9-error\" required><\/div><div id=\"wpforms-4012-field_10-container\" class=\"wpforms-field wpforms-field-text\" data-field-id=\"10\"><label class=\"wpforms-field-label\" for=\"wpforms-4012-field_10\">Apelido: <span class=\"wpforms-required-label\" aria-hidden=\"true\">*<\/span><\/label><input type=\"text\" id=\"wpforms-4012-field_10\" class=\"wpforms-field-medium wpforms-field-required\" name=\"wpforms[fields][10]\" aria-errormessage=\"wpforms-4012-field_10-error\" required><\/div><div id=\"wpforms-4012-field_4-container\" class=\"wpforms-field wpforms-field-text\" data-field-id=\"4\"><label class=\"wpforms-field-label\" for=\"wpforms-4012-field_4\">Telem\u00f3vel: <span class=\"wpforms-required-label\" aria-hidden=\"true\">*<\/span><\/label><input type=\"text\" id=\"wpforms-4012-field_4\" class=\"wpforms-field-medium wpforms-field-required\" name=\"wpforms[fields][4]\" aria-errormessage=\"wpforms-4012-field_4-error\" required><\/div><div id=\"wpforms-4012-field_1-container\" class=\"wpforms-field wpforms-field-email\" data-field-id=\"1\"><label class=\"wpforms-field-label\" for=\"wpforms-4012-field_1\">E-Mail: <span class=\"wpforms-required-label\" aria-hidden=\"true\">*<\/span><\/label><input type=\"email\" id=\"wpforms-4012-field_1\" class=\"wpforms-field-medium wpforms-field-required\" name=\"wpforms[fields][1]\" spellcheck=\"false\" aria-errormessage=\"wpforms-4012-field_1-error\" required><\/div><div id=\"wpforms-4012-field_2-container\" class=\"wpforms-field wpforms-field-textarea\" data-field-id=\"2\"><label class=\"wpforms-field-label\" for=\"wpforms-4012-field_2\">A sua mensagem para n\u00f3s: <span class=\"wpforms-required-label\" aria-hidden=\"true\">*<\/span><\/label><textarea id=\"wpforms-4012-field_2\" class=\"wpforms-field-medium wpforms-field-required\" name=\"wpforms[fields][2]\" aria-errormessage=\"wpforms-4012-field_2-error\" required><\/textarea><\/div><\/div><!-- .wpforms-field-container --><div class=\"wpforms-submit-container\" ><input type=\"hidden\" name=\"wpforms[id]\" value=\"4012\"><input type=\"hidden\" name=\"page_title\" value=\"\"><input type=\"hidden\" name=\"page_url\" value=\"https:\/\/funlanguages-almada.pt\/en\/wp-json\/wp\/v2\/pages\/1260\"><input type=\"hidden\" name=\"url_referer\" value=\"\"><button type=\"submit\" name=\"wpforms[submit]\" id=\"wpforms-submit-4012\" class=\"wpforms-submit\" data-alt-text=\"Obrigado, a sua mensagem foi enviado\" data-submit-text=\"Enviar\" aria-live=\"assertive\" value=\"wpforms-submit\">Enviar<\/button><img data-opt-id=1477662604  fetchpriority=\"high\" decoding=\"async\" src=\"https:\/\/mlav0z8xqinr.i.optimole.com\/cb:HFXN.1b7\/w:auto\/h:auto\/q:mauto\/ig:avif\/https:\/\/funlanguages-almada.pt\/wp-content\/plugins\/wpforms-lite\/assets\/images\/submit-spin.svg\" class=\"wpforms-submit-spinner\" style=\"display: none;\" width=\"26\" height=\"26\" alt=\"Loading\"><\/div><\/form><\/div>  <!-- .wpforms-container -->\t\t\t\t<\/div>\n\t\t\t\t<\/div>\n\t\t\t\t\t<\/div>\n\t\t<\/div>\n\t\t\t\t\t<\/div>\n\t\t<\/section>\n\t\t\t\t<\/div>\n\t\t","protected":false},"excerpt":{"rendered":"<p>Cursos de Ver\u00e3o no Reino Unido Curso dirigido a jovens entre os 12 e 17 anos de idade Uma divertida oportunidade para partilhar culturas, criar novas amizades, muita divers\u00e3o, e o mais importante: aprender e praticar a l\u00edngua inglesa num ambiente internacional. Estadia de 7 dias com alojamento e refei\u00e7\u00f5es em col\u00e9gios tradicionais ingleses situados [&hellip;]<\/p>\n","protected":false},"author":29,"featured_media":0,"parent":1121,"menu_order":0,"comment_status":"closed","ping_status":"closed","template":"","meta":{"site-sidebar-layout":"no-sidebar","site-content-layout":"","ast-site-content-layout":"full-width-container","site-content-style":"default","site-sidebar-style":"default","ast-global-header-display":"","ast-banner-title-visibility":"","ast-main-header-display":"","ast-hfb-above-header-display":"","ast-hfb-below-header-display":"","ast-hfb-mobile-header-display":"","site-post-title":"disabled","ast-breadcrumbs-content":"","ast-featured-img":"","footer-sml-layout":"","ast-disable-related-posts":"","theme-transparent-header-meta":"","adv-header-id-meta":"","stick-header-meta":"","header-above-stick-meta":"","header-main-stick-meta":"","header-below-stick-meta":"","astra-migrate-meta-layouts":"set","ast-page-background-enabled":"default","ast-page-background-meta":{"desktop":{"background-color":"var(--ast-global-color-4)","background-image":"","background-repeat":"repeat","background-position":"center center","background-size":"auto","background-attachment":"scroll","background-type":"","background-media":"","overlay-type":"","overlay-color":"","overlay-opacity":"","overlay-gradient":""},"tablet":{"background-color":"","background-image":"","background-repeat":"repeat","background-position":"center center","background-size":"auto","background-attachment":"scroll","background-type":"","background-media":"","overlay-type":"","overlay-color":"","overlay-opacity":"","overlay-gradient":""},"mobile":{"background-color":"","background-image":"","background-repeat":"repeat","background-position":"center center","background-size":"auto","background-attachment":"scroll","background-type":"","background-media":"","overlay-type":"","overlay-color":"","overlay-opacity":"","overlay-gradient":""}},"ast-content-background-meta":{"desktop":{"background-color":"var(--ast-global-color-5)","background-image":"","background-repeat":"repeat","background-position":"center center","background-size":"auto","background-attachment":"scroll","background-type":"","background-media":"","overlay-type":"","overlay-color":"","overlay-opacity":"","overlay-gradient":""},"tablet":{"background-color":"var(--ast-global-color-5)","background-image":"","background-repeat":"repeat","background-position":"center center","background-size":"auto","background-attachment":"scroll","background-type":"","background-media":"","overlay-type":"","overlay-color":"","overlay-opacity":"","overlay-gradient":""},"mobile":{"background-color":"var(--ast-global-color-5)","background-image":"","background-repeat":"repeat","background-position":"center center","background-size":"auto","background-attachment":"scroll","background-type":"","background-media":"","overlay-type":"","overlay-color":"","overlay-opacity":"","overlay-gradient":""}},"footnotes":""},"class_list":["post-1260","page","type-page","status-publish","hentry"],"_links":{"self":[{"href":"https:\/\/funlanguages-almada.pt\/en\/wp-json\/wp\/v2\/pages\/1260","targetHints":{"allow":["GET"]}}],"collection":[{"href":"https:\/\/funlanguages-almada.pt\/en\/wp-json\/wp\/v2\/pages"}],"about":[{"href":"https:\/\/funlanguages-almada.pt\/en\/wp-json\/wp\/v2\/types\/page"}],"author":[{"embeddable":true,"href":"https:\/\/funlanguages-almada.pt\/en\/wp-json\/wp\/v2\/users\/29"}],"replies":[{"embeddable":true,"href":"https:\/\/funlanguages-almada.pt\/en\/wp-json\/wp\/v2\/comments?post=1260"}],"version-history":[{"count":3,"href":"https:\/\/funlanguages-almada.pt\/en\/wp-json\/wp\/v2\/pages\/1260\/revisions"}],"predecessor-version":[{"id":9789,"href":"https:\/\/funlanguages-almada.pt\/en\/wp-json\/wp\/v2\/pages\/1260\/revisions\/9789"}],"up":[{"embeddable":true,"href":"https:\/\/funlanguages-almada.pt\/en\/wp-json\/wp\/v2\/pages\/1121"}],"wp:attachment":[{"href":"https:\/\/funlanguages-almada.pt\/en\/wp-json\/wp\/v2\/media?parent=1260"}],"curies":[{"name":"wp","href":"https:\/\/api.w.org\/{rel}","templated":true}]}}