{"id":3222,"date":"2022-09-29T15:20:34","date_gmt":"2022-09-29T14:20:34","guid":{"rendered":"https:\/\/funlanguages-almada.pt\/?page_id=3222"},"modified":"2026-03-14T12:15:51","modified_gmt":"2026-03-14T11:15:51","slug":"cursos-de-frances","status":"publish","type":"page","link":"https:\/\/funlanguages-almada.pt\/en\/cursos-de-frances\/","title":{"rendered":"French Course"},"content":{"rendered":"<div data-elementor-type=\"wp-page\" data-elementor-id=\"3222\" class=\"elementor elementor-3222\" data-elementor-post-type=\"page\">\n\t\t\t\t\t\t<header class=\"elementor-section elementor-top-section elementor-element elementor-element-8a5865f elementor-section-height-min-height elementor-section-items-bottom elementor-section-boxed elementor-section-height-default\" data-id=\"8a5865f\" data-element_type=\"section\" data-e-type=\"section\" data-settings=\"{&quot;background_background&quot;:&quot;classic&quot;}\">\n\t\t\t\t\t\t\t<div class=\"elementor-background-overlay\"><\/div>\n\t\t\t\t\t\t\t<div class=\"elementor-container elementor-column-gap-wider\">\n\t\t\t\t\t<div class=\"elementor-column elementor-col-50 elementor-top-column elementor-element elementor-element-6d79d65e\" data-id=\"6d79d65e\" data-element_type=\"column\" data-e-type=\"column\">\n\t\t\t<div class=\"elementor-widget-wrap elementor-element-populated\">\n\t\t\t\t\t\t<div class=\"elementor-element elementor-element-4ff0b281 elementor-widget-divider--view-line elementor-widget elementor-widget-divider\" data-id=\"4ff0b281\" data-element_type=\"widget\" data-e-type=\"widget\" data-widget_type=\"divider.default\">\n\t\t\t\t<div class=\"elementor-widget-container\">\n\t\t\t\t\t\t\t<div class=\"elementor-divider\">\n\t\t\t<span class=\"elementor-divider-separator\">\n\t\t\t\t\t\t<\/span>\n\t\t<\/div>\n\t\t\t\t\t\t<\/div>\n\t\t\t\t<\/div>\n\t\t\t\t<div class=\"elementor-element elementor-element-2dc6d620 elementor-widget elementor-widget-heading\" data-id=\"2dc6d620\" data-element_type=\"widget\" data-e-type=\"widget\" data-widget_type=\"heading.default\">\n\t\t\t\t<div class=\"elementor-widget-container\">\n\t\t\t\t\t<h1 class=\"elementor-heading-title elementor-size-default\">French Courses<\/h1>\t\t\t\t<\/div>\n\t\t\t\t<\/div>\n\t\t\t\t\t<\/div>\n\t\t<\/div>\n\t\t\t\t<div class=\"elementor-column elementor-col-50 elementor-top-column elementor-element elementor-element-51e5e5a4\" data-id=\"51e5e5a4\" data-element_type=\"column\" data-e-type=\"column\">\n\t\t\t<div class=\"elementor-widget-wrap elementor-element-populated\">\n\t\t\t\t\t\t\t<\/div>\n\t\t<\/div>\n\t\t\t\t\t<\/div>\n\t\t<\/header>\n\t\t\t\t<section class=\"elementor-section elementor-top-section elementor-element elementor-element-78ae5c80 elementor-section-content-middle elementor-section-boxed elementor-section-height-default elementor-section-height-default\" data-id=\"78ae5c80\" data-element_type=\"section\" data-e-type=\"section\" data-settings=\"{&quot;background_background&quot;:&quot;classic&quot;}\">\n\t\t\t\t\t\t\t<div class=\"elementor-background-overlay\"><\/div>\n\t\t\t\t\t\t\t<div class=\"elementor-container elementor-column-gap-wide\">\n\t\t\t\t\t<div class=\"elementor-column elementor-col-50 elementor-top-column elementor-element elementor-element-381e00b4 elementor-invisible\" data-id=\"381e00b4\" data-element_type=\"column\" data-e-type=\"column\" data-settings=\"{&quot;background_background&quot;:&quot;classic&quot;,&quot;animation&quot;:&quot;fadeIn&quot;,&quot;animation_delay&quot;:100}\">\n\t\t\t<div class=\"elementor-widget-wrap elementor-element-populated\">\n\t\t\t\t\t\t<section class=\"elementor-section elementor-inner-section elementor-element elementor-element-67348ac8 elementor-section-boxed elementor-section-height-default elementor-section-height-default\" data-id=\"67348ac8\" data-element_type=\"section\" data-e-type=\"section\">\n\t\t\t\t\t\t<div class=\"elementor-container elementor-column-gap-no\">\n\t\t\t\t\t<div class=\"elementor-column elementor-col-100 elementor-inner-column elementor-element elementor-element-6d7a4407\" data-id=\"6d7a4407\" data-element_type=\"column\" data-e-type=\"column\">\n\t\t\t<div class=\"elementor-widget-wrap elementor-element-populated\">\n\t\t\t\t\t\t<div class=\"elementor-element elementor-element-1d1192fc elementor-widget elementor-widget-heading\" data-id=\"1d1192fc\" data-element_type=\"widget\" data-e-type=\"widget\" data-widget_type=\"heading.default\">\n\t\t\t\t<div class=\"elementor-widget-container\">\n\t\t\t\t\t<h3 class=\"elementor-heading-title elementor-size-default\">We offer French courses for all levels of the Common European Framework of Reference for Languages. After an individual level assessment test, you can start classes at the appropriate level. If you have no prior knowledge, you will automatically start at level A1.<\/h3>\t\t\t\t<\/div>\n\t\t\t\t<\/div>\n\t\t\t\t<div class=\"elementor-element elementor-element-e92eba2 elementor-widget elementor-widget-text-editor\" data-id=\"e92eba2\" data-element_type=\"widget\" data-e-type=\"widget\" data-widget_type=\"text-editor.default\">\n\t\t\t\t<div class=\"elementor-widget-container\">\n\t\t\t\t\t\t\t\t\t<p>On our courses, you can learn or improve your French and discover the diversity and richness of French culture. Our teachers are qualified to teach the language and are native\/bilingual.<\/p>\t\t\t\t\t\t\t\t<\/div>\n\t\t\t\t<\/div>\n\t\t\t\t\t<\/div>\n\t\t<\/div>\n\t\t\t\t\t<\/div>\n\t\t<\/section>\n\t\t\t\t\t<\/div>\n\t\t<\/div>\n\t\t\t\t<div class=\"elementor-column elementor-col-50 elementor-top-column elementor-element elementor-element-32cb42f9 elementor-invisible\" data-id=\"32cb42f9\" data-element_type=\"column\" data-e-type=\"column\" data-settings=\"{&quot;animation&quot;:&quot;fadeIn&quot;,&quot;animation_delay&quot;:300}\">\n\t\t\t<div class=\"elementor-widget-wrap elementor-element-populated\">\n\t\t\t\t\t\t<div class=\"elementor-element elementor-element-25b7b660 elementor-widget elementor-widget-image\" data-id=\"25b7b660\" data-element_type=\"widget\" data-e-type=\"widget\" data-widget_type=\"image.default\">\n\t\t\t\t<div class=\"elementor-widget-container\">\n\t\t\t\t\t\t\t\t\t\t\t\t\t\t\t<img data-opt-id=88514695  fetchpriority=\"high\" decoding=\"async\" width=\"1280\" height=\"853\" src=\"https:\/\/mlav0z8xqinr.i.optimole.com\/cb:HFXN.1b7\/w:auto\/h:auto\/q:mauto\/https:\/\/funlanguages-almada.pt\/wp-content\/uploads\/2024\/01\/eiffel-tower-paris-france-3349075.jpg\" class=\"attachment-full size-full wp-image-4368\" alt=\"eiffel tower, paris, france-3349075.jpg\" srcset=\"https:\/\/mlav0z8xqinr.i.optimole.com\/cb:HFXN.1b7\/w:1280\/h:853\/q:mauto\/https:\/\/funlanguages-almada.pt\/wp-content\/uploads\/2024\/01\/eiffel-tower-paris-france-3349075.jpg 1280w, https:\/\/mlav0z8xqinr.i.optimole.com\/cb:HFXN.1b7\/w:300\/h:200\/q:mauto\/https:\/\/funlanguages-almada.pt\/wp-content\/uploads\/2024\/01\/eiffel-tower-paris-france-3349075.jpg 300w, https:\/\/mlav0z8xqinr.i.optimole.com\/cb:HFXN.1b7\/w:1024\/h:682\/q:mauto\/https:\/\/funlanguages-almada.pt\/wp-content\/uploads\/2024\/01\/eiffel-tower-paris-france-3349075.jpg 1024w, https:\/\/mlav0z8xqinr.i.optimole.com\/cb:HFXN.1b7\/w:768\/h:512\/q:mauto\/https:\/\/funlanguages-almada.pt\/wp-content\/uploads\/2024\/01\/eiffel-tower-paris-france-3349075.jpg 768w\" sizes=\"(max-width: 1000px) 100vw, 1000px\" \/>\t\t\t\t\t\t\t\t\t\t\t\t\t\t\t<\/div>\n\t\t\t\t<\/div>\n\t\t\t\t\t<\/div>\n\t\t<\/div>\n\t\t\t\t\t<\/div>\n\t\t<\/section>\n\t\t\t\t<section class=\"elementor-section elementor-top-section elementor-element elementor-element-069d42d elementor-section-boxed elementor-section-height-default elementor-section-height-default\" data-id=\"069d42d\" data-element_type=\"section\" data-e-type=\"section\" data-settings=\"{&quot;background_background&quot;:&quot;classic&quot;}\">\n\t\t\t\t\t\t<div class=\"elementor-container elementor-column-gap-default\">\n\t\t\t\t\t<div class=\"elementor-column elementor-col-100 elementor-top-column elementor-element elementor-element-b17724b\" data-id=\"b17724b\" data-element_type=\"column\" data-e-type=\"column\">\n\t\t\t<div class=\"elementor-widget-wrap\">\n\t\t\t\t\t\t\t<\/div>\n\t\t<\/div>\n\t\t\t\t\t<\/div>\n\t\t<\/section>\n\t\t\t\t<\/div>","protected":false},"excerpt":{"rendered":"<p>Cursos de Franc\u00eas Dispomos de cursos de Franc\u00eas para todos os n\u00edveis do Quadro Europeu Comum de Refer\u00eancia para as L\u00ednguas. Ap\u00f3s teste de aferi\u00e7\u00e3o de n\u00edvel individual, pode come\u00e7ar as aulas no n\u00edvel adequado. Se n\u00e3o tiver conhecimento pr\u00e9vio, come\u00e7ar\u00e1 automaticamente no n\u00edvel A1. Nos nossos cursos poder\u00e1 aprender ou aperfei\u00e7oar o seu franc\u00eas [&hellip;]<\/p>\n","protected":false},"author":29,"featured_media":0,"parent":0,"menu_order":0,"comment_status":"closed","ping_status":"closed","template":"","meta":{"site-sidebar-layout":"no-sidebar","site-content-layout":"","ast-site-content-layout":"full-width-container","site-content-style":"default","site-sidebar-style":"default","ast-global-header-display":"","ast-banner-title-visibility":"","ast-main-header-display":"","ast-hfb-above-header-display":"","ast-hfb-below-header-display":"","ast-hfb-mobile-header-display":"","site-post-title":"disabled","ast-breadcrumbs-content":"","ast-featured-img":"","footer-sml-layout":"","ast-disable-related-posts":"","theme-transparent-header-meta":"","adv-header-id-meta":"","stick-header-meta":"","header-above-stick-meta":"","header-main-stick-meta":"","header-below-stick-meta":"","astra-migrate-meta-layouts":"set","ast-page-background-enabled":"default","ast-page-background-meta":{"desktop":{"background-color":"var(--ast-global-color-4)","background-image":"","background-repeat":"repeat","background-position":"center center","background-size":"auto","background-attachment":"scroll","background-type":"","background-media":"","overlay-type":"","overlay-color":"","overlay-opacity":"","overlay-gradient":""},"tablet":{"background-color":"","background-image":"","background-repeat":"repeat","background-position":"center center","background-size":"auto","background-attachment":"scroll","background-type":"","background-media":"","overlay-type":"","overlay-color":"","overlay-opacity":"","overlay-gradient":""},"mobile":{"background-color":"","background-image":"","background-repeat":"repeat","background-position":"center center","background-size":"auto","background-attachment":"scroll","background-type":"","background-media":"","overlay-type":"","overlay-color":"","overlay-opacity":"","overlay-gradient":""}},"ast-content-background-meta":{"desktop":{"background-color":"var(--ast-global-color-5)","background-image":"","background-repeat":"repeat","background-position":"center center","background-size":"auto","background-attachment":"scroll","background-type":"","background-media":"","overlay-type":"","overlay-color":"","overlay-opacity":"","overlay-gradient":""},"tablet":{"background-color":"var(--ast-global-color-5)","background-image":"","background-repeat":"repeat","background-position":"center center","background-size":"auto","background-attachment":"scroll","background-type":"","background-media":"","overlay-type":"","overlay-color":"","overlay-opacity":"","overlay-gradient":""},"mobile":{"background-color":"var(--ast-global-color-5)","background-image":"","background-repeat":"repeat","background-position":"center center","background-size":"auto","background-attachment":"scroll","background-type":"","background-media":"","overlay-type":"","overlay-color":"","overlay-opacity":"","overlay-gradient":""}},"footnotes":""},"class_list":["post-3222","page","type-page","status-publish","hentry"],"_links":{"self":[{"href":"https:\/\/funlanguages-almada.pt\/en\/wp-json\/wp\/v2\/pages\/3222","targetHints":{"allow":["GET"]}}],"collection":[{"href":"https:\/\/funlanguages-almada.pt\/en\/wp-json\/wp\/v2\/pages"}],"about":[{"href":"https:\/\/funlanguages-almada.pt\/en\/wp-json\/wp\/v2\/types\/page"}],"author":[{"embeddable":true,"href":"https:\/\/funlanguages-almada.pt\/en\/wp-json\/wp\/v2\/users\/29"}],"replies":[{"embeddable":true,"href":"https:\/\/funlanguages-almada.pt\/en\/wp-json\/wp\/v2\/comments?post=3222"}],"version-history":[{"count":3,"href":"https:\/\/funlanguages-almada.pt\/en\/wp-json\/wp\/v2\/pages\/3222\/revisions"}],"predecessor-version":[{"id":9770,"href":"https:\/\/funlanguages-almada.pt\/en\/wp-json\/wp\/v2\/pages\/3222\/revisions\/9770"}],"wp:attachment":[{"href":"https:\/\/funlanguages-almada.pt\/en\/wp-json\/wp\/v2\/media?parent=3222"}],"curies":[{"name":"wp","href":"https:\/\/api.w.org\/{rel}","templated":true}]}}