{"id":3265,"date":"2022-09-29T15:38:39","date_gmt":"2022-09-29T14:38:39","guid":{"rendered":"https:\/\/funlanguages-almada.pt\/?page_id=3265"},"modified":"2026-03-14T12:15:26","modified_gmt":"2026-03-14T11:15:26","slug":"cursos-de-alemao","status":"publish","type":"page","link":"https:\/\/funlanguages-almada.pt\/en\/cursos-de-alemao\/","title":{"rendered":"German Course"},"content":{"rendered":"\t\t<div data-elementor-type=\"wp-page\" data-elementor-id=\"3265\" class=\"elementor elementor-3265\" data-elementor-post-type=\"page\">\n\t\t\t\t\t\t<header class=\"elementor-section elementor-top-section elementor-element elementor-element-1b1c4d33 elementor-section-height-min-height elementor-section-items-bottom elementor-section-boxed elementor-section-height-default\" data-id=\"1b1c4d33\" data-element_type=\"section\" data-e-type=\"section\" data-settings=\"{&quot;background_background&quot;:&quot;slideshow&quot;,&quot;background_slideshow_gallery&quot;:[{&quot;id&quot;:8540,&quot;url&quot;:&quot;https:\\/\\/mlav0z8xqinr.i.optimole.com\\/w:auto\\/h:auto\\/cb:HFXN.1b7\\/q:mauto\\/id:a1e5ea8e2e21ae3c1d74a94b8dc4d1d7\\/directUpload\\/german-slideshow-5.jpg&quot;},{&quot;id&quot;:8539,&quot;url&quot;:&quot;https:\\/\\/mlav0z8xqinr.i.optimole.com\\/w:auto\\/h:auto\\/cb:HFXN.1b7\\/q:mauto\\/id:57d0e3d42c06ee663c114e61241170fb\\/directUpload\\/german-slideshow-4.jpg&quot;},{&quot;id&quot;:8538,&quot;url&quot;:&quot;https:\\/\\/mlav0z8xqinr.i.optimole.com\\/w:auto\\/h:auto\\/cb:HFXN.1b7\\/q:mauto\\/id:5e4092c497a87f61e023e21f0bed9ccb\\/directUpload\\/german-slideshow-6.jpg&quot;},{&quot;id&quot;:8543,&quot;url&quot;:&quot;https:\\/\\/mlav0z8xqinr.i.optimole.com\\/w:auto\\/h:auto\\/cb:HFXN.1b7\\/q:mauto\\/id:38fe62e0e5d000f149ba2bff0948152b\\/directUpload\\/german-slideshow-3.jpg&quot;},{&quot;id&quot;:8541,&quot;url&quot;:&quot;https:\\/\\/mlav0z8xqinr.i.optimole.com\\/w:auto\\/h:auto\\/cb:HFXN.1b7\\/q:mauto\\/id:67cb83e622aa2426b32c2325f1bbc6d3\\/directUpload\\/german-slideshow-1.jpg&quot;},{&quot;id&quot;:8542,&quot;url&quot;:&quot;https:\\/\\/mlav0z8xqinr.i.optimole.com\\/w:auto\\/h:auto\\/cb:HFXN.1b7\\/q:mauto\\/id:ee492a961288ce6c658dc5a300ae5350\\/directUpload\\/german-slideshow-2.jpg&quot;}],&quot;background_slideshow_ken_burns&quot;:&quot;yes&quot;,&quot;background_slideshow_loop&quot;:&quot;yes&quot;,&quot;background_slideshow_slide_duration&quot;:5000,&quot;background_slideshow_slide_transition&quot;:&quot;fade&quot;,&quot;background_slideshow_transition_duration&quot;:500,&quot;background_slideshow_ken_burns_zoom_direction&quot;:&quot;in&quot;}\">\n\t\t\t\t\t\t\t<div class=\"elementor-background-overlay\"><\/div>\n\t\t\t\t\t\t\t<div class=\"elementor-container elementor-column-gap-default\">\n\t\t\t\t\t<div class=\"elementor-column elementor-col-50 elementor-top-column elementor-element elementor-element-3c593e49\" data-id=\"3c593e49\" data-element_type=\"column\" data-e-type=\"column\">\n\t\t\t<div class=\"elementor-widget-wrap elementor-element-populated\">\n\t\t\t\t\t\t<div class=\"elementor-element elementor-element-20c0f57f elementor-widget-divider--view-line elementor-widget elementor-widget-divider\" data-id=\"20c0f57f\" data-element_type=\"widget\" data-e-type=\"widget\" data-widget_type=\"divider.default\">\n\t\t\t\t<div class=\"elementor-widget-container\">\n\t\t\t\t\t\t\t<div class=\"elementor-divider\">\n\t\t\t<span class=\"elementor-divider-separator\">\n\t\t\t\t\t\t<\/span>\n\t\t<\/div>\n\t\t\t\t\t\t<\/div>\n\t\t\t\t<\/div>\n\t\t\t\t<div class=\"elementor-element elementor-element-4e1f9c0f elementor-widget elementor-widget-heading\" data-id=\"4e1f9c0f\" data-element_type=\"widget\" data-e-type=\"widget\" data-widget_type=\"heading.default\">\n\t\t\t\t<div class=\"elementor-widget-container\">\n\t\t\t\t\t<h1 class=\"elementor-heading-title elementor-size-default\">Cursos de Alem\u00e3o<\/h1>\t\t\t\t<\/div>\n\t\t\t\t<\/div>\n\t\t\t\t\t<\/div>\n\t\t<\/div>\n\t\t\t\t<div class=\"elementor-column elementor-col-50 elementor-top-column elementor-element elementor-element-631ad1a\" data-id=\"631ad1a\" data-element_type=\"column\" data-e-type=\"column\">\n\t\t\t<div class=\"elementor-widget-wrap elementor-element-populated\">\n\t\t\t\t\t\t\t<\/div>\n\t\t<\/div>\n\t\t\t\t\t<\/div>\n\t\t<\/header>\n\t\t\t\t<section class=\"elementor-section elementor-top-section elementor-element elementor-element-58682e01 elementor-section-content-middle elementor-section-boxed elementor-section-height-default elementor-section-height-default\" data-id=\"58682e01\" data-element_type=\"section\" data-e-type=\"section\" data-settings=\"{&quot;background_background&quot;:&quot;classic&quot;}\">\n\t\t\t\t\t\t\t<div class=\"elementor-background-overlay\"><\/div>\n\t\t\t\t\t\t\t<div class=\"elementor-container elementor-column-gap-wide\">\n\t\t\t\t\t<div class=\"elementor-column elementor-col-50 elementor-top-column elementor-element elementor-element-12775ffc elementor-invisible\" data-id=\"12775ffc\" data-element_type=\"column\" data-e-type=\"column\" data-settings=\"{&quot;background_background&quot;:&quot;classic&quot;,&quot;animation&quot;:&quot;fadeIn&quot;,&quot;animation_delay&quot;:100}\">\n\t\t\t<div class=\"elementor-widget-wrap elementor-element-populated\">\n\t\t\t\t\t\t<section class=\"elementor-section elementor-inner-section elementor-element elementor-element-91e773f elementor-section-boxed elementor-section-height-default elementor-section-height-default\" data-id=\"91e773f\" data-element_type=\"section\" data-e-type=\"section\">\n\t\t\t\t\t\t<div class=\"elementor-container elementor-column-gap-no\">\n\t\t\t\t\t<div class=\"elementor-column elementor-col-100 elementor-inner-column elementor-element elementor-element-616002\" data-id=\"616002\" data-element_type=\"column\" data-e-type=\"column\">\n\t\t\t<div class=\"elementor-widget-wrap elementor-element-populated\">\n\t\t\t\t\t\t<div class=\"elementor-element elementor-element-268d863f elementor-widget elementor-widget-heading\" data-id=\"268d863f\" data-element_type=\"widget\" data-e-type=\"widget\" data-widget_type=\"heading.default\">\n\t\t\t\t<div class=\"elementor-widget-container\">\n\t\t\t\t\t<h5 class=\"elementor-heading-title elementor-size-default\">Dispomos de cursos de Alem\u00e3o para todos os n\u00edveis do Quadro Europeu Comum de Refer\u00eancia para as L\u00ednguas. Ap\u00f3s teste de aferi\u00e7\u00e3o de n\u00edvel individual, pode come\u00e7ar as aulas no n\u00edvel adequado. Se n\u00e3o tiver conhecimento pr\u00e9vio, come\u00e7ar\u00e1 automaticamente no n\u00edvel A1. <\/h5>\t\t\t\t<\/div>\n\t\t\t\t<\/div>\n\t\t\t\t<div class=\"elementor-element elementor-element-4da2f2fe elementor-widget elementor-widget-text-editor\" data-id=\"4da2f2fe\" data-element_type=\"widget\" data-e-type=\"widget\" data-widget_type=\"text-editor.default\">\n\t\t\t\t<div class=\"elementor-widget-container\">\n\t\t\t\t\t\t\t\t\t<p>A nossa forma\u00e7\u00e3o inicia-se com alunos desde os 3 anos de idade passando pelos jovens, at\u00e9 aos adultos, com base numa pedagogia eficaz e inovadora.<\/p>\t\t\t\t\t\t\t\t<\/div>\n\t\t\t\t<\/div>\n\t\t\t\t\t<\/div>\n\t\t<\/div>\n\t\t\t\t\t<\/div>\n\t\t<\/section>\n\t\t\t\t\t<\/div>\n\t\t<\/div>\n\t\t\t\t<div class=\"elementor-column elementor-col-50 elementor-top-column elementor-element elementor-element-27f224be elementor-invisible\" data-id=\"27f224be\" data-element_type=\"column\" data-e-type=\"column\" data-settings=\"{&quot;animation&quot;:&quot;fadeIn&quot;,&quot;animation_delay&quot;:300}\">\n\t\t\t<div class=\"elementor-widget-wrap elementor-element-populated\">\n\t\t\t\t\t\t<div class=\"elementor-element elementor-element-3a52509e elementor-widget elementor-widget-image\" data-id=\"3a52509e\" data-element_type=\"widget\" data-e-type=\"widget\" data-widget_type=\"image.default\">\n\t\t\t\t<div class=\"elementor-widget-container\">\n\t\t\t\t\t\t\t\t\t\t\t\t\t\t\t<img data-opt-id=1296312154  fetchpriority=\"high\" decoding=\"async\" width=\"1743\" height=\"1116\" src=\"https:\/\/mlav0z8xqinr.i.optimole.com\/cb:HFXN.1b7\/w:1686\/h:1080\/q:mauto\/https:\/\/funlanguages-almada.pt\/wp-content\/uploads\/2024\/01\/profs-fun-06.png\" class=\"attachment-full size-full wp-image-4339\" alt=\"\" srcset=\"https:\/\/mlav0z8xqinr.i.optimole.com\/cb:HFXN.1b7\/w:1686\/h:1080\/q:mauto\/https:\/\/funlanguages-almada.pt\/wp-content\/uploads\/2024\/01\/profs-fun-06.png 1743w, https:\/\/mlav0z8xqinr.i.optimole.com\/cb:HFXN.1b7\/w:300\/h:192\/q:mauto\/https:\/\/funlanguages-almada.pt\/wp-content\/uploads\/2024\/01\/profs-fun-06.png 300w, https:\/\/mlav0z8xqinr.i.optimole.com\/cb:HFXN.1b7\/w:1024\/h:656\/q:mauto\/https:\/\/funlanguages-almada.pt\/wp-content\/uploads\/2024\/01\/profs-fun-06.png 1024w, https:\/\/mlav0z8xqinr.i.optimole.com\/cb:HFXN.1b7\/w:768\/h:492\/q:mauto\/https:\/\/funlanguages-almada.pt\/wp-content\/uploads\/2024\/01\/profs-fun-06.png 768w, https:\/\/mlav0z8xqinr.i.optimole.com\/cb:HFXN.1b7\/w:1536\/h:983\/q:mauto\/https:\/\/funlanguages-almada.pt\/wp-content\/uploads\/2024\/01\/profs-fun-06.png 1536w\" sizes=\"(max-width: 1200px) 100vw, 1200px\" \/>\t\t\t\t\t\t\t\t\t\t\t\t\t\t\t<\/div>\n\t\t\t\t<\/div>\n\t\t\t\t\t<\/div>\n\t\t<\/div>\n\t\t\t\t\t<\/div>\n\t\t<\/section>\n\t\t\t\t<\/div>\n\t\t","protected":false},"excerpt":{"rendered":"<p>Cursos de Alem\u00e3o Dispomos de cursos de Alem\u00e3o para todos os n\u00edveis do Quadro Europeu Comum de Refer\u00eancia para as L\u00ednguas. Ap\u00f3s teste de aferi\u00e7\u00e3o de n\u00edvel individual, pode come\u00e7ar as aulas no n\u00edvel adequado. Se n\u00e3o tiver conhecimento pr\u00e9vio, come\u00e7ar\u00e1 automaticamente no n\u00edvel A1. A nossa forma\u00e7\u00e3o inicia-se com alunos desde os 3 anos [&hellip;]<\/p>\n","protected":false},"author":29,"featured_media":0,"parent":0,"menu_order":0,"comment_status":"closed","ping_status":"closed","template":"","meta":{"site-sidebar-layout":"no-sidebar","site-content-layout":"","ast-site-content-layout":"full-width-container","site-content-style":"default","site-sidebar-style":"default","ast-global-header-display":"","ast-banner-title-visibility":"","ast-main-header-display":"","ast-hfb-above-header-display":"","ast-hfb-below-header-display":"","ast-hfb-mobile-header-display":"","site-post-title":"disabled","ast-breadcrumbs-content":"","ast-featured-img":"","footer-sml-layout":"","ast-disable-related-posts":"","theme-transparent-header-meta":"","adv-header-id-meta":"","stick-header-meta":"","header-above-stick-meta":"","header-main-stick-meta":"","header-below-stick-meta":"","astra-migrate-meta-layouts":"set","ast-page-background-enabled":"default","ast-page-background-meta":{"desktop":{"background-color":"var(--ast-global-color-4)","background-image":"","background-repeat":"repeat","background-position":"center center","background-size":"auto","background-attachment":"scroll","background-type":"","background-media":"","overlay-type":"","overlay-color":"","overlay-opacity":"","overlay-gradient":""},"tablet":{"background-color":"","background-image":"","background-repeat":"repeat","background-position":"center center","background-size":"auto","background-attachment":"scroll","background-type":"","background-media":"","overlay-type":"","overlay-color":"","overlay-opacity":"","overlay-gradient":""},"mobile":{"background-color":"","background-image":"","background-repeat":"repeat","background-position":"center center","background-size":"auto","background-attachment":"scroll","background-type":"","background-media":"","overlay-type":"","overlay-color":"","overlay-opacity":"","overlay-gradient":""}},"ast-content-background-meta":{"desktop":{"background-color":"var(--ast-global-color-5)","background-image":"","background-repeat":"repeat","background-position":"center center","background-size":"auto","background-attachment":"scroll","background-type":"","background-media":"","overlay-type":"","overlay-color":"","overlay-opacity":"","overlay-gradient":""},"tablet":{"background-color":"var(--ast-global-color-5)","background-image":"","background-repeat":"repeat","background-position":"center center","background-size":"auto","background-attachment":"scroll","background-type":"","background-media":"","overlay-type":"","overlay-color":"","overlay-opacity":"","overlay-gradient":""},"mobile":{"background-color":"var(--ast-global-color-5)","background-image":"","background-repeat":"repeat","background-position":"center center","background-size":"auto","background-attachment":"scroll","background-type":"","background-media":"","overlay-type":"","overlay-color":"","overlay-opacity":"","overlay-gradient":""}},"footnotes":""},"class_list":["post-3265","page","type-page","status-publish","hentry"],"_links":{"self":[{"href":"https:\/\/funlanguages-almada.pt\/en\/wp-json\/wp\/v2\/pages\/3265","targetHints":{"allow":["GET"]}}],"collection":[{"href":"https:\/\/funlanguages-almada.pt\/en\/wp-json\/wp\/v2\/pages"}],"about":[{"href":"https:\/\/funlanguages-almada.pt\/en\/wp-json\/wp\/v2\/types\/page"}],"author":[{"embeddable":true,"href":"https:\/\/funlanguages-almada.pt\/en\/wp-json\/wp\/v2\/users\/29"}],"replies":[{"embeddable":true,"href":"https:\/\/funlanguages-almada.pt\/en\/wp-json\/wp\/v2\/comments?post=3265"}],"version-history":[{"count":3,"href":"https:\/\/funlanguages-almada.pt\/en\/wp-json\/wp\/v2\/pages\/3265\/revisions"}],"predecessor-version":[{"id":9767,"href":"https:\/\/funlanguages-almada.pt\/en\/wp-json\/wp\/v2\/pages\/3265\/revisions\/9767"}],"wp:attachment":[{"href":"https:\/\/funlanguages-almada.pt\/en\/wp-json\/wp\/v2\/media?parent=3265"}],"curies":[{"name":"wp","href":"https:\/\/api.w.org\/{rel}","templated":true}]}}